{"id":993125,"date":"2026-01-29T08:57:37","date_gmt":"2026-01-29T08:57:37","guid":{"rendered":"https:\/\/leuk.pt\/?page_id=993125"},"modified":"2026-02-10T13:20:37","modified_gmt":"2026-02-10T13:20:37","slug":"politica-de-qualidade","status":"publish","type":"page","link":"https:\/\/leuk.pt\/pt\/politica-de-qualidade\/","title":{"rendered":"Pol\u00edtica de Qualidade"},"content":{"rendered":"\t\t<div data-elementor-type=\"wp-page\" data-elementor-id=\"993125\" class=\"elementor elementor-993125\" data-elementor-post-type=\"page\">\n\t\t\t\t<div class=\"elementor-element elementor-element-1fd06bf e-con-full e-flex e-con e-parent\" data-id=\"1fd06bf\" data-element_type=\"container\" data-e-type=\"container\">\n\t\t<div class=\"elementor-element elementor-element-87b446c e-flex e-con-boxed e-con e-child\" data-id=\"87b446c\" data-element_type=\"container\" data-e-type=\"container\">\n\t\t\t\t\t<div class=\"e-con-inner\">\n\t\t\t\t<div class=\"elementor-element elementor-element-2a35aec elementor-widget elementor-widget-heading\" data-id=\"2a35aec\" data-element_type=\"widget\" data-e-type=\"widget\" data-widget_type=\"heading.default\">\n\t\t\t\t<div class=\"elementor-widget-container\">\n\t\t\t\t\t<h1 class=\"elementor-heading-title elementor-size-default\">Pol\u00edtica de Qualidade<\/h1>\t\t\t\t<\/div>\n\t\t\t\t<\/div>\n\t\t\t\t<div class=\"elementor-element elementor-element-03b6dcd elementor-widget elementor-widget-text-editor\" data-id=\"03b6dcd\" data-element_type=\"widget\" data-e-type=\"widget\" data-widget_type=\"text-editor.default\">\n\t\t\t\t<div class=\"elementor-widget-container\">\n\t\t\t\t\t\t\t\t\t<p>A LEUK orienta a sua atua\u00e7\u00e3o para o crescimento sustentado e para o refor\u00e7o da sua oferta de produtos e servi\u00e7os, desenvolvendo novas compet\u00eancias e estabelecendo alian\u00e7as estrat\u00e9gicas com parceiros que partilham a sua vis\u00e3o e compreens\u00e3o das necessidades do mercado e das exig\u00eancias espec\u00edficas de cada cliente.<\/p><p>Com um foco claro no aumento dos padr\u00f5es de qualidade e na satisfa\u00e7\u00e3o dos clientes, a LEUK compromete-se a cumprir e a promover a presente Pol\u00edtica de Qualidade, assente nos seguintes princ\u00edpios:<\/p><p><strong>1. Confian\u00e7a e compromisso:<\/strong><br \/>Ser, para colaboradores, clientes, fornecedores e parceiros de neg\u00f3cio, uma empresa cred\u00edvel, competente e competitiva, baseada em rela\u00e7\u00f5es de confian\u00e7a, transpar\u00eancia e compromisso.<\/p><p><strong>2. Agilidade organizacional<\/strong><br \/>Promover o desenvolvimento da maturidade organizacional, garantindo efici\u00eancia interna e rapidez na disponibiliza\u00e7\u00e3o de produtos e\/ou servi\u00e7os, com capacidade de resposta ao mercado nacional e internacional.<\/p><p><strong>3. Inova\u00e7\u00e3o e proximidade ao cliente<\/strong><br \/>Investir de forma consistente na inova\u00e7\u00e3o (produtos, servi\u00e7os e tecnologias) e num modelo de proximidade ao cliente, assegurando uma resposta r\u00e1pida e orientada para a cria\u00e7\u00e3o de valor.<\/p><p><strong>4. Valoriza\u00e7\u00e3o humana<\/strong><br \/>Manter os colaboradores motivados, assegurando condi\u00e7\u00f5es de trabalho adequadas e saud\u00e1veis, bem como os meios t\u00e9cnicos e as infraestruturas necess\u00e1rias ao cumprimento dos objetivos da organiza\u00e7\u00e3o.<\/p><p><strong>5. Conformidade e melhoria cont\u00ednua<\/strong><br \/>Cumprir os requisitos legais e regulamentares aplic\u00e1veis ao setor e os referenciais adotados, incluindo a norma NP EN ISO 9001, promovendo a melhoria cont\u00ednua da efic\u00e1cia do Sistema de Gest\u00e3o da Qualidade.<\/p><p>A Pol\u00edtica de Qualidade da LEUK, suportada por estes princ\u00edpios, orienta o desenvolvimento de produtos e solu\u00e7\u00f5es de ilumina\u00e7\u00e3o de elevada efici\u00eancia energ\u00e9tica e de solu\u00e7\u00f5es feitas \u00e0 medida, equilibrando est\u00e9tica, funcionalidade e sustentabilidade.<\/p><p>A Dire\u00e7\u00e3o assegura a comunica\u00e7\u00e3o, implementa\u00e7\u00e3o e revis\u00e3o peri\u00f3dica desta pol\u00edtica, de forma a manter a sua adequa\u00e7\u00e3o e efic\u00e1cia.<\/p>\t\t\t\t\t\t\t\t<\/div>\n\t\t\t\t<\/div>\n\t\t\t\t<div class=\"elementor-element elementor-element-6dc6a46 elementor-widget elementor-widget-text-editor\" data-id=\"6dc6a46\" data-element_type=\"widget\" data-e-type=\"widget\" data-widget_type=\"text-editor.default\">\n\t\t\t\t<div class=\"elementor-widget-container\">\n\t\t\t\t\t\t\t\t\t<p>Revisto em Janeiro de 2026.<\/p>\t\t\t\t\t\t\t\t<\/div>\n\t\t\t\t<\/div>\n\t\t\t\t\t<\/div>\n\t\t\t\t<\/div>\n\t\t\t\t<\/div>\n\t\t\t\t<\/div>\n\t\t","protected":false},"excerpt":{"rendered":"<p>Pol\u00edtica de Qualidade A LEUK orienta a sua atua\u00e7\u00e3o para o crescimento sustentado e para o refor\u00e7o da sua oferta de produtos e servi\u00e7os, desenvolvendo novas compet\u00eancias e estabelecendo alian\u00e7as estrat\u00e9gicas com parceiros que partilham a sua vis\u00e3o e compreens\u00e3o das necessidades do mercado e das exig\u00eancias espec\u00edficas de cada cliente. Com um foco claro [&hellip;]<\/p>\n","protected":false},"author":5,"featured_media":0,"parent":0,"menu_order":111,"comment_status":"closed","ping_status":"closed","template":"","meta":{"_acf_changed":false,"footnotes":""},"class_list":["post-993125","page","type-page","status-publish","hentry"],"acf":[],"_links":{"self":[{"href":"https:\/\/leuk.pt\/pt\/wp-json\/wp\/v2\/pages\/993125","targetHints":{"allow":["GET"]}}],"collection":[{"href":"https:\/\/leuk.pt\/pt\/wp-json\/wp\/v2\/pages"}],"about":[{"href":"https:\/\/leuk.pt\/pt\/wp-json\/wp\/v2\/types\/page"}],"author":[{"embeddable":true,"href":"https:\/\/leuk.pt\/pt\/wp-json\/wp\/v2\/users\/5"}],"replies":[{"embeddable":true,"href":"https:\/\/leuk.pt\/pt\/wp-json\/wp\/v2\/comments?post=993125"}],"version-history":[{"count":0,"href":"https:\/\/leuk.pt\/pt\/wp-json\/wp\/v2\/pages\/993125\/revisions"}],"wp:attachment":[{"href":"https:\/\/leuk.pt\/pt\/wp-json\/wp\/v2\/media?parent=993125"}],"curies":[{"name":"wp","href":"https:\/\/api.w.org\/{rel}","templated":true}]}}