{"id":993125,"date":"2026-01-29T08:57:37","date_gmt":"2026-01-29T08:57:37","guid":{"rendered":"https:\/\/leuk.pt\/?page_id=993125"},"modified":"2026-02-10T13:20:37","modified_gmt":"2026-02-10T13:20:37","slug":"politique-de-qualite","status":"publish","type":"page","link":"https:\/\/leuk.pt\/fr\/politica-de-qualidade\/","title":{"rendered":"Politique qualit\u00e9"},"content":{"rendered":"<div data-elementor-type=\"wp-page\" data-elementor-id=\"993125\" class=\"elementor elementor-993125\" data-elementor-post-type=\"page\">\n\t\t\t\t<div class=\"elementor-element elementor-element-1fd06bf e-con-full e-flex e-con e-parent\" data-id=\"1fd06bf\" data-element_type=\"container\" data-e-type=\"container\">\n\t\t<div class=\"elementor-element elementor-element-87b446c e-flex e-con-boxed e-con e-child\" data-id=\"87b446c\" data-element_type=\"container\" data-e-type=\"container\">\n\t\t\t\t\t<div class=\"e-con-inner\">\n\t\t\t\t<div class=\"elementor-element elementor-element-2a35aec elementor-widget elementor-widget-heading\" data-id=\"2a35aec\" data-element_type=\"widget\" data-e-type=\"widget\" data-widget_type=\"heading.default\">\n\t\t\t\t<div class=\"elementor-widget-container\">\n\t\t\t\t\t<h1 class=\"elementor-heading-title elementor-size-default\">Politique qualit\u00e9<\/h1>\t\t\t\t<\/div>\n\t\t\t\t<\/div>\n\t\t\t\t<div class=\"elementor-element elementor-element-03b6dcd elementor-widget elementor-widget-text-editor\" data-id=\"03b6dcd\" data-element_type=\"widget\" data-e-type=\"widget\" data-widget_type=\"text-editor.default\">\n\t\t\t\t<div class=\"elementor-widget-container\">\n\t\t\t\t\t\t\t\t\t<p>LEUK oriente son action vers une croissance soutenue et le renforcement de son offre de produits et services, en d\u00e9veloppant de nouvelles comp\u00e9tences et en \u00e9tablissant des alliances strat\u00e9giques avec des partenaires qui partagent sa vision et sa compr\u00e9hension des besoins du march\u00e9 et des exigences sp\u00e9cifiques de chaque client.<\/p><p>Avec un accent clair sur l'augmentation des standards de qualit\u00e9 et la satisfaction des clients, LEUK s'engage \u00e0 respecter et \u00e0 promouvoir la pr\u00e9sente Politique de Qualit\u00e9, fond\u00e9e sur les principes suivants :<\/p><p><strong>1. Confiance et engagement :<\/strong><br \/>\u00catre, pour les collaborateurs, clients, fournisseurs et partenaires commerciaux, une entreprise cr\u00e9dible, comp\u00e9tente et comp\u00e9titive, fond\u00e9e sur des relations de confiance, de transparence et d'engagement.<\/p><p><strong>2. Agilit\u00e9 organisationnelle :<\/strong><br \/>Promouvoir le d\u00e9veloppement de la maturit\u00e9 organisationnelle, en garantissant l'efficacit\u00e9 interne et la rapidit\u00e9 de la mise \u00e0 disposition des produits et\/ou services, avec une capacit\u00e9 de r\u00e9ponse aux march\u00e9s national et international.<\/p><p><strong>3. Innovation et proximit\u00e9 client :<\/strong><br \/>Investir de mani\u00e8re coh\u00e9rente dans l'innovation (produits, services et technologies) et dans un mod\u00e8le de proximit\u00e9 client, en garantissant une r\u00e9ponse rapide et orient\u00e9e vers la cr\u00e9ation de valeur.<\/p><p><strong>4. Valorisation humaine :<\/strong><br \/>Maintenir la motivation des collaborateurs en garantissant des conditions de travail ad\u00e9quates et saines, ainsi que les moyens techniques et les infrastructures n\u00e9cessaires \u00e0 l'atteinte des objectifs de l'organisation.<\/p><p><strong>5. Conformit\u00e9 et am\u00e9lioration continue :<\/strong><br \/>Respecter les exigences l\u00e9gales et r\u00e9glementaires applicables au secteur et les r\u00e9f\u00e9rentiels adopt\u00e9s, y compris la norme NP EN ISO 9001, en promouvant l'am\u00e9lioration continue de l'efficacit\u00e9 du Syst\u00e8me de Management de la Qualit\u00e9.<\/p><p>La Politique de Qualit\u00e9 de LEUK, appuy\u00e9e par ces principes, oriente le d\u00e9veloppement de produits et de solutions d'\u00e9clairage \u00e0 haute efficacit\u00e9 \u00e9nerg\u00e9tique et de solutions sur mesure, en \u00e9quilibrant esth\u00e9tique, fonctionnalit\u00e9 et durabilit\u00e9.<\/p><p>La Direction assure la communication, la mise en \u0153uvre et la r\u00e9vision p\u00e9riodique de cette politique, afin de maintenir son ad\u00e9quation et son efficacit\u00e9.<\/p>\t\t\t\t\t\t\t\t<\/div>\n\t\t\t\t<\/div>\n\t\t\t\t<div class=\"elementor-element elementor-element-6dc6a46 elementor-widget elementor-widget-text-editor\" data-id=\"6dc6a46\" data-element_type=\"widget\" data-e-type=\"widget\" data-widget_type=\"text-editor.default\">\n\t\t\t\t<div class=\"elementor-widget-container\">\n\t\t\t\t\t\t\t\t\t<p>R\u00e9vis\u00e9 en Janvier 2026.<\/p>\t\t\t\t\t\t\t\t<\/div>\n\t\t\t\t<\/div>\n\t\t\t\t\t<\/div>\n\t\t\t\t<\/div>\n\t\t\t\t<\/div>\n\t\t\t\t<\/div>","protected":false},"excerpt":{"rendered":"<p>Pol\u00edtica de Qualidade A LEUK orienta a sua atua\u00e7\u00e3o para o crescimento sustentado e para o refor\u00e7o da sua oferta de produtos e servi\u00e7os, desenvolvendo novas compet\u00eancias e estabelecendo alian\u00e7as estrat\u00e9gicas com parceiros que partilham a sua vis\u00e3o e compreens\u00e3o das necessidades do mercado e das exig\u00eancias espec\u00edficas de cada cliente. Com um foco claro [&hellip;]<\/p>\n","protected":false},"author":5,"featured_media":0,"parent":0,"menu_order":111,"comment_status":"closed","ping_status":"closed","template":"","meta":{"_acf_changed":false,"footnotes":""},"class_list":["post-993125","page","type-page","status-publish","hentry"],"acf":[],"_links":{"self":[{"href":"https:\/\/leuk.pt\/fr\/wp-json\/wp\/v2\/pages\/993125","targetHints":{"allow":["GET"]}}],"collection":[{"href":"https:\/\/leuk.pt\/fr\/wp-json\/wp\/v2\/pages"}],"about":[{"href":"https:\/\/leuk.pt\/fr\/wp-json\/wp\/v2\/types\/page"}],"author":[{"embeddable":true,"href":"https:\/\/leuk.pt\/fr\/wp-json\/wp\/v2\/users\/5"}],"replies":[{"embeddable":true,"href":"https:\/\/leuk.pt\/fr\/wp-json\/wp\/v2\/comments?post=993125"}],"version-history":[{"count":0,"href":"https:\/\/leuk.pt\/fr\/wp-json\/wp\/v2\/pages\/993125\/revisions"}],"wp:attachment":[{"href":"https:\/\/leuk.pt\/fr\/wp-json\/wp\/v2\/media?parent=993125"}],"curies":[{"name":"wp","href":"https:\/\/api.w.org\/{rel}","templated":true}]}}