{"id":992790,"date":"2026-01-27T15:35:47","date_gmt":"2026-01-27T15:35:47","guid":{"rendered":"https:\/\/leuk.pt\/?page_id=992790"},"modified":"2026-03-16T09:10:31","modified_gmt":"2026-03-16T09:10:31","slug":"solutions","status":"publish","type":"page","link":"https:\/\/leuk.pt\/fr\/solutions\/","title":{"rendered":"Solutions"},"content":{"rendered":"\t\t<div data-elementor-type=\"wp-page\" data-elementor-id=\"992790\" class=\"elementor elementor-992790\" data-elementor-post-type=\"page\">\n\t\t\t\t<div class=\"elementor-element elementor-element-7ebb46b e-flex e-con-boxed e-con e-parent\" data-id=\"7ebb46b\" data-element_type=\"container\" data-e-type=\"container\">\n\t\t\t\t\t<div class=\"e-con-inner\">\n\t\t<div class=\"elementor-element elementor-element-4b8278f e-flex e-con-boxed e-con e-child\" data-id=\"4b8278f\" data-element_type=\"container\" data-e-type=\"container\" data-settings=\"{&quot;background_background&quot;:&quot;classic&quot;}\">\n\t\t\t\t\t<div class=\"e-con-inner\">\n\t\t\t\t<div class=\"elementor-element elementor-element-e3f580d elementor-widget elementor-widget-heading\" data-id=\"e3f580d\" data-element_type=\"widget\" data-e-type=\"widget\" data-widget_type=\"heading.default\">\n\t\t\t\t<div class=\"elementor-widget-container\">\n\t\t\t\t\t<h1 class=\"elementor-heading-title elementor-size-default\">Engenharia de ilumina\u00e7\u00e3o para cada desafio.<\/h1>\t\t\t\t<\/div>\n\t\t\t\t<\/div>\n\t\t\t\t<div class=\"elementor-element elementor-element-19f46d5 elementor-widget elementor-widget-text-editor\" data-id=\"19f46d5\" data-element_type=\"widget\" data-e-type=\"widget\" data-widget_type=\"text-editor.default\">\n\t\t\t\t<div class=\"elementor-widget-container\">\n\t\t\t\t\t\t\t\t\t<p>Da precis\u00e3o exigida na ind\u00fastria \u00e0 atmosfera envolvente do retalho, desenvolvemos sistemas de ilumina\u00e7\u00e3o LED que aliam efici\u00eancia energ\u00e9tica a um design funcional. Cada setor exige uma resposta t\u00e9cnica espec\u00edfica; a solu\u00e7\u00e3o certa \u00e9 desenvolvida para cada desafio.<\/p>\t\t\t\t\t\t\t\t<\/div>\n\t\t\t\t<\/div>\n\t\t\t\t\t<\/div>\n\t\t\t\t<\/div>\n\t\t\t\t\t<\/div>\n\t\t\t\t<\/div>\n\t\t<div class=\"elementor-element elementor-element-1005b6cd e-flex e-con-boxed e-con e-parent\" data-id=\"1005b6cd\" data-element_type=\"container\" data-e-type=\"container\">\n\t\t\t\t\t<div class=\"e-con-inner\">\n\t\t<div class=\"elementor-element elementor-element-49194819 e-con-full e-flex e-con e-child\" data-id=\"49194819\" data-element_type=\"container\" data-e-type=\"container\">\n\t\t\t\t<div class=\"elementor-element elementor-element-7159b8e1 elementor-widget elementor-widget-heading\" data-id=\"7159b8e1\" data-element_type=\"widget\" data-e-type=\"widget\" data-settings=\"{&quot;_animation&quot;:&quot;none&quot;}\" data-widget_type=\"heading.default\">\n\t\t\t\t<div class=\"elementor-widget-container\">\n\t\t\t\t\t<h1 class=\"elementor-heading-title elementor-size-default\">Escrit\u00f3rios e Servi\u00e7os<\/h1>\t\t\t\t<\/div>\n\t\t\t\t<\/div>\n\t\t\t\t<div class=\"elementor-element elementor-element-64cdbee elementor-widget elementor-widget-text-editor\" data-id=\"64cdbee\" data-element_type=\"widget\" data-e-type=\"widget\" data-settings=\"{&quot;_animation&quot;:&quot;none&quot;}\" data-widget_type=\"text-editor.default\">\n\t\t\t\t<div class=\"elementor-widget-container\">\n\t\t\t\t\t\t\t\t\t<p>Um ambiente de trabalho bem iluminado \u00e9 essencial para a produtividade e o bem-estar dos colaboradores.<br \/>A LEUK desenvolve sistemas de ilumina\u00e7\u00e3o que se adaptam ao design do espa\u00e7o, promovendo efici\u00eancia energ\u00e9tica e conforto visual.<br \/>As solu\u00e7\u00f5es personalizadas criam atmosferas que refletem a identidade da empresa, elevando a experi\u00eancia de colaboradores e visitantes.<\/p>\t\t\t\t\t\t\t\t<\/div>\n\t\t\t\t<\/div>\n\t\t\t\t<\/div>\n\t\t<div class=\"elementor-element elementor-element-24804c8f e-con-full e-flex e-con e-child\" data-id=\"24804c8f\" data-element_type=\"container\" data-e-type=\"container\" data-settings=\"{&quot;background_background&quot;:&quot;classic&quot;}\">\n\t\t\t\t<\/div>\n\t\t\t\t\t<\/div>\n\t\t\t\t<\/div>\n\t\t<div class=\"elementor-element elementor-element-4e6dd0c e-flex e-con-boxed e-con e-parent\" data-id=\"4e6dd0c\" data-element_type=\"container\" data-e-type=\"container\">\n\t\t\t\t\t<div class=\"e-con-inner\">\n\t\t<div class=\"elementor-element elementor-element-c2e889a e-con-full e-flex e-con e-child\" data-id=\"c2e889a\" data-element_type=\"container\" data-e-type=\"container\" data-settings=\"{&quot;background_background&quot;:&quot;classic&quot;}\">\n\t\t\t\t<\/div>\n\t\t<div class=\"elementor-element elementor-element-ebe3d2d e-con-full e-flex e-con e-child\" data-id=\"ebe3d2d\" data-element_type=\"container\" data-e-type=\"container\">\n\t\t\t\t<div class=\"elementor-element elementor-element-3fb9de3 elementor-widget elementor-widget-heading\" data-id=\"3fb9de3\" data-element_type=\"widget\" data-e-type=\"widget\" data-settings=\"{&quot;_animation&quot;:&quot;none&quot;}\" data-widget_type=\"heading.default\">\n\t\t\t\t<div class=\"elementor-widget-container\">\n\t\t\t\t\t<h1 class=\"elementor-heading-title elementor-size-default\">Retalho<\/h1>\t\t\t\t<\/div>\n\t\t\t\t<\/div>\n\t\t\t\t<div class=\"elementor-element elementor-element-e373408 elementor-widget elementor-widget-text-editor\" data-id=\"e373408\" data-element_type=\"widget\" data-e-type=\"widget\" data-settings=\"{&quot;_animation&quot;:&quot;none&quot;}\" data-widget_type=\"text-editor.default\">\n\t\t\t\t<div class=\"elementor-widget-container\">\n\t\t\t\t\t\t\t\t\t<p>A ilumina\u00e7\u00e3o desempenha um papel crucial na experi\u00eancia de compra.<br \/>As lumin\u00e1rias LEUK s\u00e3o projetadas para destacar produtos, impulsionar vendas e criar ambientes convidativos em lojas e estabelecimentos de retalho.<br \/>Cada projeto \u00e9 adaptado \u00e0s necessidades do cliente, garantindo que a ilumina\u00e7\u00e3o contribua para a identidade visual da marca e para uma experi\u00eancia de compra \u00fanica e memor\u00e1vel.<\/p>\t\t\t\t\t\t\t\t<\/div>\n\t\t\t\t<\/div>\n\t\t\t\t<\/div>\n\t\t\t\t\t<\/div>\n\t\t\t\t<\/div>\n\t\t<div class=\"elementor-element elementor-element-15ef759 e-flex e-con-boxed e-con e-parent\" data-id=\"15ef759\" data-element_type=\"container\" data-e-type=\"container\">\n\t\t\t\t\t<div class=\"e-con-inner\">\n\t\t<div class=\"elementor-element elementor-element-b2be3a2 e-con-full e-flex e-con e-child\" data-id=\"b2be3a2\" data-element_type=\"container\" data-e-type=\"container\">\n\t\t\t\t<div class=\"elementor-element elementor-element-eb1887c elementor-widget elementor-widget-heading\" data-id=\"eb1887c\" data-element_type=\"widget\" data-e-type=\"widget\" data-settings=\"{&quot;_animation&quot;:&quot;none&quot;}\" data-widget_type=\"heading.default\">\n\t\t\t\t<div class=\"elementor-widget-container\">\n\t\t\t\t\t<h1 class=\"elementor-heading-title elementor-size-default\">Hotelaria<\/h1>\t\t\t\t<\/div>\n\t\t\t\t<\/div>\n\t\t\t\t<div class=\"elementor-element elementor-element-4c20ad3 elementor-widget elementor-widget-text-editor\" data-id=\"4c20ad3\" data-element_type=\"widget\" data-e-type=\"widget\" data-settings=\"{&quot;_animation&quot;:&quot;none&quot;}\" data-widget_type=\"text-editor.default\">\n\t\t\t\t<div class=\"elementor-widget-container\">\n\t\t\t\t\t\t\t\t\t<p>No setor da hotelaria, a LEUK desenvolve solu\u00e7\u00f5es de ilumina\u00e7\u00e3o que transformam espa\u00e7os, proporcionando conforto e sofistica\u00e7\u00e3o aos h\u00f3spedes.<br \/>As lumin\u00e1rias LEUK s\u00e3o adaptadas para cada \u00e1rea do hotel \u2014 desde a rece\u00e7\u00e3o at\u00e9 aos quartos \u2014 garantindo que cada ambiente tenha a atmosfera ideal, seja ela acolhedora, relaxante ou animada.<br \/>A efici\u00eancia energ\u00e9tica das solu\u00e7\u00f5es tamb\u00e9m ajuda a reduzir custos operacionais.<\/p>\t\t\t\t\t\t\t\t<\/div>\n\t\t\t\t<\/div>\n\t\t\t\t<\/div>\n\t\t<div class=\"elementor-element elementor-element-7907d41 e-con-full e-flex e-con e-child\" data-id=\"7907d41\" data-element_type=\"container\" data-e-type=\"container\" data-settings=\"{&quot;background_background&quot;:&quot;classic&quot;}\">\n\t\t\t\t<\/div>\n\t\t\t\t\t<\/div>\n\t\t\t\t<\/div>\n\t\t<div class=\"elementor-element elementor-element-db71e57 e-flex e-con-boxed e-con e-parent\" data-id=\"db71e57\" data-element_type=\"container\" data-e-type=\"container\">\n\t\t\t\t\t<div class=\"e-con-inner\">\n\t\t<div class=\"elementor-element elementor-element-ee081a8 e-con-full e-flex e-con e-child\" data-id=\"ee081a8\" data-element_type=\"container\" data-e-type=\"container\" data-settings=\"{&quot;background_background&quot;:&quot;classic&quot;}\">\n\t\t\t\t<\/div>\n\t\t<div class=\"elementor-element elementor-element-21e562a e-con-full e-flex e-con e-child\" data-id=\"21e562a\" data-element_type=\"container\" data-e-type=\"container\">\n\t\t\t\t<div class=\"elementor-element elementor-element-94b1d65 elementor-widget elementor-widget-heading\" data-id=\"94b1d65\" data-element_type=\"widget\" data-e-type=\"widget\" data-settings=\"{&quot;_animation&quot;:&quot;none&quot;}\" data-widget_type=\"heading.default\">\n\t\t\t\t<div class=\"elementor-widget-container\">\n\t\t\t\t\t<h1 class=\"elementor-heading-title elementor-size-default\">Educa\u00e7\u00e3o<\/h1>\t\t\t\t<\/div>\n\t\t\t\t<\/div>\n\t\t\t\t<div class=\"elementor-element elementor-element-596bc31 elementor-widget elementor-widget-text-editor\" data-id=\"596bc31\" data-element_type=\"widget\" data-e-type=\"widget\" data-settings=\"{&quot;_animation&quot;:&quot;none&quot;}\" data-widget_type=\"text-editor.default\">\n\t\t\t\t<div class=\"elementor-widget-container\">\n\t\t\t\t\t\t\t\t\t<p>A ilumina\u00e7\u00e3o adequada em ambientes educacionais \u00e9 vital para o foco e o conforto de alunos e professores.<br \/>As solu\u00e7\u00f5es LEUK para escolas, universidades e bibliotecas s\u00e3o personalizadas para minimizar a fadiga ocular e criar ambientes prop\u00edcios \u00e0 aprendizagem.<br \/>A LEUK assegura que os espa\u00e7os educativos sejam bem iluminados, promovendo uma experi\u00eancia de ensino de alta qualidade.<\/p>\t\t\t\t\t\t\t\t<\/div>\n\t\t\t\t<\/div>\n\t\t\t\t<\/div>\n\t\t\t\t\t<\/div>\n\t\t\t\t<\/div>\n\t\t<div class=\"elementor-element elementor-element-aa07860 e-flex e-con-boxed e-con e-parent\" data-id=\"aa07860\" data-element_type=\"container\" data-e-type=\"container\">\n\t\t\t\t\t<div class=\"e-con-inner\">\n\t\t<div class=\"elementor-element elementor-element-080d5be e-con-full e-flex e-con e-child\" data-id=\"080d5be\" data-element_type=\"container\" data-e-type=\"container\">\n\t\t\t\t<div class=\"elementor-element elementor-element-6980811 elementor-widget elementor-widget-heading\" data-id=\"6980811\" data-element_type=\"widget\" data-e-type=\"widget\" data-settings=\"{&quot;_animation&quot;:&quot;none&quot;}\" data-widget_type=\"heading.default\">\n\t\t\t\t<div class=\"elementor-widget-container\">\n\t\t\t\t\t<h1 class=\"elementor-heading-title elementor-size-default\">Sa\u00fade e Bem-Estar<\/h1>\t\t\t\t<\/div>\n\t\t\t\t<\/div>\n\t\t\t\t<div class=\"elementor-element elementor-element-7a151e1 elementor-widget elementor-widget-text-editor\" data-id=\"7a151e1\" data-element_type=\"widget\" data-e-type=\"widget\" data-settings=\"{&quot;_animation&quot;:&quot;none&quot;}\" data-widget_type=\"text-editor.default\">\n\t\t\t\t<div class=\"elementor-widget-container\">\n\t\t\t\t\t\t\t\t\t<p>Na \u00e1rea da sa\u00fade, a ilumina\u00e7\u00e3o requer rigor t\u00e9cnico, conforto visual e um ambiente acolhedor.<br \/>Desenvolvemos lumin\u00e1rias espec\u00edficas para hospitais, cl\u00ednicas e consult\u00f3rios, que promovem tanto o bem-estar dos pacientes quanto a efici\u00eancia dos profissionais.<br \/>As solu\u00e7\u00f5es LEUK garantem clareza, seguran\u00e7a e um ambiente prop\u00edcio \u00e0 recupera\u00e7\u00e3o.<\/p>\t\t\t\t\t\t\t\t<\/div>\n\t\t\t\t<\/div>\n\t\t\t\t<\/div>\n\t\t<div class=\"elementor-element elementor-element-a163f37 e-con-full e-flex e-con e-child\" data-id=\"a163f37\" data-element_type=\"container\" data-e-type=\"container\" data-settings=\"{&quot;background_background&quot;:&quot;classic&quot;}\">\n\t\t\t\t<\/div>\n\t\t\t\t\t<\/div>\n\t\t\t\t<\/div>\n\t\t<div class=\"elementor-element elementor-element-d79469f e-flex e-con-boxed e-con e-parent\" data-id=\"d79469f\" data-element_type=\"container\" data-e-type=\"container\">\n\t\t\t\t\t<div class=\"e-con-inner\">\n\t\t<div class=\"elementor-element elementor-element-d9cf8e0 e-con-full e-flex e-con e-child\" data-id=\"d9cf8e0\" data-element_type=\"container\" data-e-type=\"container\" data-settings=\"{&quot;background_background&quot;:&quot;classic&quot;}\">\n\t\t\t\t<\/div>\n\t\t<div class=\"elementor-element elementor-element-e0ad5e7 e-con-full e-flex e-con e-child\" data-id=\"e0ad5e7\" data-element_type=\"container\" data-e-type=\"container\">\n\t\t\t\t<div class=\"elementor-element elementor-element-081921a elementor-widget elementor-widget-heading\" data-id=\"081921a\" data-element_type=\"widget\" data-e-type=\"widget\" data-settings=\"{&quot;_animation&quot;:&quot;none&quot;}\" data-widget_type=\"heading.default\">\n\t\t\t\t<div class=\"elementor-widget-container\">\n\t\t\t\t\t<h1 class=\"elementor-heading-title elementor-size-default\">Industrial<\/h1>\t\t\t\t<\/div>\n\t\t\t\t<\/div>\n\t\t\t\t<div class=\"elementor-element elementor-element-eccd661 elementor-widget elementor-widget-text-editor\" data-id=\"eccd661\" data-element_type=\"widget\" data-e-type=\"widget\" data-settings=\"{&quot;_animation&quot;:&quot;none&quot;}\" data-widget_type=\"text-editor.default\">\n\t\t\t\t<div class=\"elementor-widget-container\">\n\t\t\t\t\t\t\t\t\t<p>Na ind\u00fastria, a robustez e a efici\u00eancia s\u00e3o essenciais.<br \/>A LEUK oferece solu\u00e7\u00f5es de ilumina\u00e7\u00e3o dur\u00e1veis que resistem a condi\u00e7\u00f5es adversas, assegurando ilumina\u00e7\u00e3o adequada para armaz\u00e9ns, f\u00e1bricas e linhas de produ\u00e7\u00e3o.<br \/>As lumin\u00e1rias LEUK contribuem para a seguran\u00e7a no trabalho e aumentam a produtividade dos colaboradores, aliando tecnologia de ponta \u00e0 m\u00e1xima efici\u00eancia energ\u00e9tica.<\/p>\t\t\t\t\t\t\t\t<\/div>\n\t\t\t\t<\/div>\n\t\t\t\t<\/div>\n\t\t\t\t\t<\/div>\n\t\t\t\t<\/div>\n\t\t<div class=\"elementor-element elementor-element-2128ff6 e-flex e-con-boxed e-con e-parent\" data-id=\"2128ff6\" data-element_type=\"container\" data-e-type=\"container\">\n\t\t\t\t\t<div class=\"e-con-inner\">\n\t\t<div class=\"elementor-element elementor-element-429b43a e-con-full e-flex e-con e-child\" data-id=\"429b43a\" data-element_type=\"container\" data-e-type=\"container\">\n\t\t\t\t<div class=\"elementor-element elementor-element-d54d14b elementor-widget elementor-widget-heading\" data-id=\"d54d14b\" data-element_type=\"widget\" data-e-type=\"widget\" data-settings=\"{&quot;_animation&quot;:&quot;none&quot;}\" data-widget_type=\"heading.default\">\n\t\t\t\t<div class=\"elementor-widget-container\">\n\t\t\t\t\t<h1 class=\"elementor-heading-title elementor-size-default\">Residencial<\/h1>\t\t\t\t<\/div>\n\t\t\t\t<\/div>\n\t\t\t\t<div class=\"elementor-element elementor-element-64bc1f9 elementor-widget elementor-widget-text-editor\" data-id=\"64bc1f9\" data-element_type=\"widget\" data-e-type=\"widget\" data-settings=\"{&quot;_animation&quot;:&quot;none&quot;}\" data-widget_type=\"text-editor.default\">\n\t\t\t\t<div class=\"elementor-widget-container\">\n\t\t\t\t\t\t\t\t\t<p>Para projetos residenciais, a ilumina\u00e7\u00e3o \u00e9 fundamental para criar ambientes acolhedores, funcionais e com identidade pr\u00f3pria.<br \/>As lumin\u00e1rias LEUK integram-se harmoniosamente ao design de interiores, proporcionando conforto, personaliza\u00e7\u00e3o e efici\u00eancia energ\u00e9tica.<br \/>As solu\u00e7\u00f5es LEUK tornam cada casa \u00fanica, refletindo o estilo de vida de quem l\u00e1 habita.<\/p>\t\t\t\t\t\t\t\t<\/div>\n\t\t\t\t<\/div>\n\t\t\t\t<\/div>\n\t\t<div class=\"elementor-element elementor-element-ea97727 e-con-full e-flex e-con e-child\" data-id=\"ea97727\" data-element_type=\"container\" data-e-type=\"container\" data-settings=\"{&quot;background_background&quot;:&quot;classic&quot;}\">\n\t\t\t\t<\/div>\n\t\t\t\t\t<\/div>\n\t\t\t\t<\/div>\n\t\t<div class=\"elementor-element elementor-element-c34e9b9 e-flex e-con-boxed e-con e-parent\" data-id=\"c34e9b9\" data-element_type=\"container\" data-e-type=\"container\">\n\t\t\t\t\t<div class=\"e-con-inner\">\n\t\t<div class=\"elementor-element elementor-element-996c941 e-con-full e-flex e-con e-child\" data-id=\"996c941\" data-element_type=\"container\" data-e-type=\"container\" data-settings=\"{&quot;background_background&quot;:&quot;classic&quot;}\">\n\t\t\t\t<\/div>\n\t\t<div class=\"elementor-element elementor-element-b540e0d e-con-full e-flex e-con e-child\" data-id=\"b540e0d\" data-element_type=\"container\" data-e-type=\"container\">\n\t\t\t\t<div class=\"elementor-element elementor-element-c19d907 elementor-widget elementor-widget-heading\" data-id=\"c19d907\" data-element_type=\"widget\" data-e-type=\"widget\" data-settings=\"{&quot;_animation&quot;:&quot;none&quot;}\" data-widget_type=\"heading.default\">\n\t\t\t\t<div class=\"elementor-widget-container\">\n\t\t\t\t\t<h1 class=\"elementor-heading-title elementor-size-default\">Espa\u00e7os P\u00fablicos<\/h1>\t\t\t\t<\/div>\n\t\t\t\t<\/div>\n\t\t\t\t<div class=\"elementor-element elementor-element-9ca12c5 elementor-widget elementor-widget-text-editor\" data-id=\"9ca12c5\" data-element_type=\"widget\" data-e-type=\"widget\" data-settings=\"{&quot;_animation&quot;:&quot;none&quot;}\" data-widget_type=\"text-editor.default\">\n\t\t\t\t<div class=\"elementor-widget-container\">\n\t\t\t\t\t\t\t\t\t<p>A ilumina\u00e7\u00e3o de espa\u00e7os p\u00fablicos deve equilibrar seguran\u00e7a, acessibilidade e est\u00e9tica.<br \/>A LEUK desenvolve solu\u00e7\u00f5es para parques, pra\u00e7as e ruas, criando ambientes seguros e acolhedores durante a noite, valorizando a paisagem urbana e incentivando o conv\u00edvio social.<br \/>Com foco na efici\u00eancia e na inova\u00e7\u00e3o, as solu\u00e7\u00f5es LEUK contribuem para uma melhor experi\u00eancia nas cidades.<\/p>\t\t\t\t\t\t\t\t<\/div>\n\t\t\t\t<\/div>\n\t\t\t\t<\/div>\n\t\t\t\t\t<\/div>\n\t\t\t\t<\/div>\n\t\t<div class=\"elementor-element elementor-element-1844d20 elementor-hidden-desktop elementor-hidden-tablet elementor-hidden-mobile e-flex e-con-boxed e-con e-parent\" data-id=\"1844d20\" data-element_type=\"container\" data-e-type=\"container\">\n\t\t\t\t\t<div class=\"e-con-inner\">\n\t\t<div class=\"elementor-element elementor-element-e4d116c e-con-full e-flex e-con e-child\" data-id=\"e4d116c\" data-element_type=\"container\" data-e-type=\"container\" data-settings=\"{&quot;background_background&quot;:&quot;classic&quot;,&quot;background_motion_fx_motion_fx_scrolling&quot;:&quot;yes&quot;,&quot;background_motion_fx_scale_effect&quot;:&quot;yes&quot;,&quot;background_motion_fx_scale_direction&quot;:&quot;in-out&quot;,&quot;background_motion_fx_scale_speed&quot;:{&quot;unit&quot;:&quot;px&quot;,&quot;size&quot;:4,&quot;sizes&quot;:[]},&quot;background_motion_fx_scale_range&quot;:{&quot;unit&quot;:&quot;%&quot;,&quot;size&quot;:&quot;&quot;,&quot;sizes&quot;:{&quot;start&quot;:20,&quot;end&quot;:80}},&quot;background_motion_fx_devices&quot;:[&quot;desktop&quot;,&quot;tablet&quot;,&quot;mobile&quot;]}\">\n\t\t<div class=\"elementor-element elementor-element-dab2d5f e-con-full e-flex e-con e-child\" data-id=\"dab2d5f\" data-element_type=\"container\" data-e-type=\"container\" data-settings=\"{&quot;background_background&quot;:&quot;classic&quot;}\">\n\t\t\t\t<div class=\"elementor-element elementor-element-1cfd1e4 elementor-widget elementor-widget-heading\" data-id=\"1cfd1e4\" data-element_type=\"widget\" data-e-type=\"widget\" data-settings=\"{&quot;_animation&quot;:&quot;none&quot;}\" data-widget_type=\"heading.default\">\n\t\t\t\t<div class=\"elementor-widget-container\">\n\t\t\t\t\t<h1 class=\"elementor-heading-title elementor-size-default\">Espa\u00e7os P\u00fablicos<\/h1>\t\t\t\t<\/div>\n\t\t\t\t<\/div>\n\t\t\t\t<div class=\"elementor-element elementor-element-7aea2f6 elementor-widget elementor-widget-text-editor\" data-id=\"7aea2f6\" data-element_type=\"widget\" data-e-type=\"widget\" data-settings=\"{&quot;_animation&quot;:&quot;none&quot;}\" data-widget_type=\"text-editor.default\">\n\t\t\t\t<div class=\"elementor-widget-container\">\n\t\t\t\t\t\t\t\t\t<p>A ilumina\u00e7\u00e3o de espa\u00e7os p\u00fablicos deve equilibrar seguran\u00e7a, acessibilidade e est\u00e9tica.<br \/>A LEUK desenvolve solu\u00e7\u00f5es para parques, pra\u00e7as e ruas que garantem ambientes seguros e acolhedores \u00e0 noite, valorizando a beleza urbana e promovendo o conv\u00edvio social.<br \/>Trabalhamos para proporcionar uma melhor experi\u00eancia nas cidades, sempre com efici\u00eancia e inova\u00e7\u00e3o.<\/p>\t\t\t\t\t\t\t\t<\/div>\n\t\t\t\t<\/div>\n\t\t\t\t<\/div>\n\t\t\t\t<\/div>\n\t\t\t\t\t<\/div>\n\t\t\t\t<\/div>\n\t\t\t\t<\/div>\n\t\t","protected":false},"excerpt":{"rendered":"<p>Engenharia de ilumina\u00e7\u00e3o para cada desafio. Da precis\u00e3o exigida na ind\u00fastria \u00e0 atmosfera envolvente do retalho, desenvolvemos sistemas de ilumina\u00e7\u00e3o LED que aliam efici\u00eancia energ\u00e9tica a um design funcional. Cada setor exige uma resposta t\u00e9cnica espec\u00edfica; a solu\u00e7\u00e3o certa \u00e9 desenvolvida para cada desafio. Escrit\u00f3rios e Servi\u00e7os Um ambiente de trabalho bem iluminado \u00e9 essencial [&hellip;]<\/p>\n","protected":false},"author":5,"featured_media":0,"parent":0,"menu_order":2,"comment_status":"closed","ping_status":"closed","template":"","meta":{"_acf_changed":false,"footnotes":""},"class_list":["post-992790","page","type-page","status-publish","hentry"],"acf":[],"_links":{"self":[{"href":"https:\/\/leuk.pt\/fr\/wp-json\/wp\/v2\/pages\/992790","targetHints":{"allow":["GET"]}}],"collection":[{"href":"https:\/\/leuk.pt\/fr\/wp-json\/wp\/v2\/pages"}],"about":[{"href":"https:\/\/leuk.pt\/fr\/wp-json\/wp\/v2\/types\/page"}],"author":[{"embeddable":true,"href":"https:\/\/leuk.pt\/fr\/wp-json\/wp\/v2\/users\/5"}],"replies":[{"embeddable":true,"href":"https:\/\/leuk.pt\/fr\/wp-json\/wp\/v2\/comments?post=992790"}],"version-history":[{"count":0,"href":"https:\/\/leuk.pt\/fr\/wp-json\/wp\/v2\/pages\/992790\/revisions"}],"wp:attachment":[{"href":"https:\/\/leuk.pt\/fr\/wp-json\/wp\/v2\/media?parent=992790"}],"curies":[{"name":"wp","href":"https:\/\/api.w.org\/{rel}","templated":true}]}}