{"id":991624,"date":"2026-01-21T10:19:06","date_gmt":"2026-01-21T10:19:06","guid":{"rendered":"https:\/\/leuk.pt\/?page_id=991624"},"modified":"2026-02-11T11:08:48","modified_gmt":"2026-02-11T11:08:48","slug":"serrurier-production","status":"publish","type":"page","link":"https:\/\/leuk.pt\/fr\/carreiras\/serralheiro-departamento-de-producao\/","title":{"rendered":"Serralheiro \u2013 Departamento de Produ\u00e7\u00e3o"},"content":{"rendered":"\t\t<div data-elementor-type=\"wp-page\" data-elementor-id=\"991624\" class=\"elementor elementor-991624\" data-elementor-post-type=\"page\">\n\t\t\t\t<div class=\"elementor-element elementor-element-undefined-9b312dc e-con-full leuk-job-page e-flex e-con e-parent\" data-id=\"undefined-9b312dc\" data-element_type=\"container\" data-e-type=\"container\">\n\t\t<div class=\"elementor-element elementor-element-91be08d e-con-full leuk-job-hero e-flex e-con e-child\" data-id=\"91be08d\" data-element_type=\"container\" data-e-type=\"container\" data-settings=\"{&quot;background_background&quot;:&quot;slideshow&quot;,&quot;background_slideshow_gallery&quot;:[],&quot;background_slideshow_loop&quot;:&quot;yes&quot;,&quot;background_slideshow_slide_duration&quot;:5000,&quot;background_slideshow_slide_transition&quot;:&quot;fade&quot;,&quot;background_slideshow_transition_duration&quot;:500}\">\n\t\t<div class=\"elementor-element elementor-element-6676a02 e-flex e-con-boxed e-con e-child\" data-id=\"6676a02\" data-element_type=\"container\" data-e-type=\"container\">\n\t\t\t\t\t<div class=\"e-con-inner\">\n\t\t\t\t<div class=\"elementor-element elementor-element-30ffcbe elementor-widget elementor-widget-heading\" data-id=\"30ffcbe\" data-element_type=\"widget\" data-e-type=\"widget\" data-widget_type=\"heading.default\">\n\t\t\t\t<div class=\"elementor-widget-container\">\n\t\t\t\t\t<h1 class=\"elementor-heading-title elementor-size-default\">Serralheiro \u2013 Departamento de Produ\u00e7\u00e3o<\/h1>\t\t\t\t<\/div>\n\t\t\t\t<\/div>\n\t\t\t\t<div class=\"elementor-element elementor-element-f9b7b47 elementor-icon-list--layout-traditional elementor-list-item-link-full_width elementor-widget elementor-widget-icon-list\" data-id=\"f9b7b47\" data-element_type=\"widget\" data-e-type=\"widget\" data-widget_type=\"icon-list.default\">\n\t\t\t\t<div class=\"elementor-widget-container\">\n\t\t\t\t\t\t\t<ul class=\"elementor-icon-list-items\">\n\t\t\t\t\t\t\t<li class=\"elementor-icon-list-item\">\n\t\t\t\t\t\t\t\t\t\t<span class=\"elementor-icon-list-text\">Localiza\u00e7\u00e3o (Barcelos)<\/span>\n\t\t\t\t\t\t\t\t\t<\/li>\n\t\t\t\t\t\t\t\t<li class=\"elementor-icon-list-item\">\n\t\t\t\t\t\t\t\t\t\t<span class=\"elementor-icon-list-text\">Tipo (Full-time)<\/span>\n\t\t\t\t\t\t\t\t\t<\/li>\n\t\t\t\t\t\t\t\t<li class=\"elementor-icon-list-item\">\n\t\t\t\t\t\t\t\t\t\t<span class=\"elementor-icon-list-text\">Dept. (Produ\u00e7\u00e3o)<\/span>\n\t\t\t\t\t\t\t\t\t<\/li>\n\t\t\t\t\t\t<\/ul>\n\t\t\t\t\t\t<\/div>\n\t\t\t\t<\/div>\n\t\t\t\t\t<\/div>\n\t\t\t\t<\/div>\n\t\t\t\t<\/div>\n\t\t<div class=\"elementor-element elementor-element-10ac6a9 leuk-job-body e-flex e-con-boxed e-con e-child\" data-id=\"10ac6a9\" data-element_type=\"container\" data-e-type=\"container\">\n\t\t\t\t\t<div class=\"e-con-inner\">\n\t\t<div class=\"elementor-element elementor-element-69894f1 e-con-full leuk-job-content e-flex e-con e-child\" data-id=\"69894f1\" data-element_type=\"container\" data-e-type=\"container\">\n\t\t\t\t<div class=\"elementor-element elementor-element-a98fa01 elementor-widget elementor-widget-heading\" data-id=\"a98fa01\" data-element_type=\"widget\" data-e-type=\"widget\" data-widget_type=\"heading.default\">\n\t\t\t\t<div class=\"elementor-widget-container\">\n\t\t\t\t\t<h3 class=\"elementor-heading-title elementor-size-default\">Sobre a fun\u00e7\u00e3o<\/h3>\t\t\t\t<\/div>\n\t\t\t\t<\/div>\n\t\t\t\t<div class=\"elementor-element elementor-element-42fbcfe elementor-widget elementor-widget-text-editor\" data-id=\"42fbcfe\" data-element_type=\"widget\" data-e-type=\"widget\" data-widget_type=\"text-editor.default\">\n\t\t\t\t<div class=\"elementor-widget-container\">\n\t\t\t\t\t\t\t\t\tO(a) Serralheiro(a) integrar\u00e1 o Departamento de Produ\u00e7\u00e3o da LEUK, sendo respons\u00e1vel pelo fabrico e montagem de componentes met\u00e1licos para as nossas solu\u00e7\u00f5es de ilumina\u00e7\u00e3o LED. O trabalho exige precis\u00e3o e aten\u00e7\u00e3o ao detalhe, contribuindo diretamente para a qualidade e personaliza\u00e7\u00e3o dos nossos produtos.\t\t\t\t\t\t\t\t<\/div>\n\t\t\t\t<\/div>\n\t\t\t\t<div class=\"elementor-element elementor-element-9a5b937 elementor-widget elementor-widget-heading\" data-id=\"9a5b937\" data-element_type=\"widget\" data-e-type=\"widget\" data-widget_type=\"heading.default\">\n\t\t\t\t<div class=\"elementor-widget-container\">\n\t\t\t\t\t<h3 class=\"elementor-heading-title elementor-size-default\">Responsabilidades<\/h3>\t\t\t\t<\/div>\n\t\t\t\t<\/div>\n\t\t\t\t<div class=\"elementor-element elementor-element-2c9f5c4 leuk-tech-list elementor-icon-list--layout-traditional elementor-list-item-link-full_width elementor-widget elementor-widget-icon-list\" data-id=\"2c9f5c4\" data-element_type=\"widget\" data-e-type=\"widget\" data-widget_type=\"icon-list.default\">\n\t\t\t\t<div class=\"elementor-widget-container\">\n\t\t\t\t\t\t\t<ul class=\"elementor-icon-list-items\">\n\t\t\t\t\t\t\t<li class=\"elementor-icon-list-item\">\n\t\t\t\t\t\t\t\t\t\t<span class=\"elementor-icon-list-text\">Executar trabalhos de serralharia, incluindo corte, dobra, soldadura e montagem de perfis e estruturas met\u00e1licas, conforme especifica\u00e7\u00f5es t\u00e9cnicas e desenhos.<\/span>\n\t\t\t\t\t\t\t\t\t<\/li>\n\t\t\t\t\t\t\t\t<li class=\"elementor-icon-list-item\">\n\t\t\t\t\t\t\t\t\t\t<span class=\"elementor-icon-list-text\">Trabalhar com diferentes tipos de metais e ligas, garantindo a qualidade e durabilidade dos componentes.<\/span>\n\t\t\t\t\t\t\t\t\t<\/li>\n\t\t\t\t\t\t\t\t<li class=\"elementor-icon-list-item\">\n\t\t\t\t\t\t\t\t\t\t<span class=\"elementor-icon-list-text\">Realizar a montagem de lumin\u00e1rias e outros produtos LEUK, assegurando a conformidade com os padr\u00f5es de design e engenharia.<\/span>\n\t\t\t\t\t\t\t\t\t<\/li>\n\t\t\t\t\t\t\t\t<li class=\"elementor-icon-list-item\">\n\t\t\t\t\t\t\t\t\t\t<span class=\"elementor-icon-list-text\">Colaborar com a equipa de produ\u00e7\u00e3o para otimizar processos e garantir a efici\u00eancia no fabrico.<\/span>\n\t\t\t\t\t\t\t\t\t<\/li>\n\t\t\t\t\t\t\t\t<li class=\"elementor-icon-list-item\">\n\t\t\t\t\t\t\t\t\t\t<span class=\"elementor-icon-list-text\">Realizar a manuten\u00e7\u00e3o preventiva e corretiva de equipamentos de serralharia.<\/span>\n\t\t\t\t\t\t\t\t\t<\/li>\n\t\t\t\t\t\t\t\t<li class=\"elementor-icon-list-item\">\n\t\t\t\t\t\t\t\t\t\t<span class=\"elementor-icon-list-text\">Garantir o cumprimento das normas de seguran\u00e7a e higiene no local de trabalho.<\/span>\n\t\t\t\t\t\t\t\t\t<\/li>\n\t\t\t\t\t\t<\/ul>\n\t\t\t\t\t\t<\/div>\n\t\t\t\t<\/div>\n\t\t\t\t<div class=\"elementor-element elementor-element-22e9518 elementor-widget elementor-widget-heading\" data-id=\"22e9518\" data-element_type=\"widget\" data-e-type=\"widget\" data-widget_type=\"heading.default\">\n\t\t\t\t<div class=\"elementor-widget-container\">\n\t\t\t\t\t<h3 class=\"elementor-heading-title elementor-size-default\">Requisitos<\/h3>\t\t\t\t<\/div>\n\t\t\t\t<\/div>\n\t\t\t\t<div class=\"elementor-element elementor-element-04b6904 leuk-tech-list elementor-icon-list--layout-traditional elementor-list-item-link-full_width elementor-widget elementor-widget-icon-list\" data-id=\"04b6904\" data-element_type=\"widget\" data-e-type=\"widget\" data-widget_type=\"icon-list.default\">\n\t\t\t\t<div class=\"elementor-widget-container\">\n\t\t\t\t\t\t\t<ul class=\"elementor-icon-list-items\">\n\t\t\t\t\t\t\t<li class=\"elementor-icon-list-item\">\n\t\t\t\t\t\t\t\t\t\t<span class=\"elementor-icon-list-text\">Experi\u00eancia comprovada como Serralheiro(a) ou fun\u00e7\u00e3o similar.<\/span>\n\t\t\t\t\t\t\t\t\t<\/li>\n\t\t\t\t\t\t\t\t<li class=\"elementor-icon-list-item\">\n\t\t\t\t\t\t\t\t\t\t<span class=\"elementor-icon-list-text\">Conhecimento s\u00f3lido em t\u00e9cnicas de corte, dobra e soldagem (MIG\/MAG, TIG).<\/span>\n\t\t\t\t\t\t\t\t\t<\/li>\n\t\t\t\t\t\t\t\t<li class=\"elementor-icon-list-item\">\n\t\t\t\t\t\t\t\t\t\t<span class=\"elementor-icon-list-text\">Capacidade de ler e interpretar desenhos t\u00e9cnicos.<\/span>\n\t\t\t\t\t\t\t\t\t<\/li>\n\t\t\t\t\t\t\t\t<li class=\"elementor-icon-list-item\">\n\t\t\t\t\t\t\t\t\t\t<span class=\"elementor-icon-list-text\">Aten\u00e7\u00e3o ao detalhe e precis\u00e3o na execu\u00e7\u00e3o das tarefas.<\/span>\n\t\t\t\t\t\t\t\t\t<\/li>\n\t\t\t\t\t\t\t\t<li class=\"elementor-icon-list-item\">\n\t\t\t\t\t\t\t\t\t\t<span class=\"elementor-icon-list-text\">Proatividade e capacidade de trabalhar em equipa.<\/span>\n\t\t\t\t\t\t\t\t\t<\/li>\n\t\t\t\t\t\t\t\t<li class=\"elementor-icon-list-item\">\n\t\t\t\t\t\t\t\t\t\t<span class=\"elementor-icon-list-text\">Experi\u00eancia com equipamentos de serralharia (m\u00e1quinas de corte, dobra, solda).<\/span>\n\t\t\t\t\t\t\t\t\t<\/li>\n\t\t\t\t\t\t\t\t<li class=\"elementor-icon-list-item\">\n\t\t\t\t\t\t\t\t\t\t<span class=\"elementor-icon-list-text\">Forma\u00e7\u00e3o profissional na \u00e1rea de serralharia ou equivalente.<\/span>\n\t\t\t\t\t\t\t\t\t<\/li>\n\t\t\t\t\t\t<\/ul>\n\t\t\t\t\t\t<\/div>\n\t\t\t\t<\/div>\n\t\t\t\t<div class=\"elementor-element elementor-element-1b4c660 elementor-widget elementor-widget-heading\" data-id=\"1b4c660\" data-element_type=\"widget\" data-e-type=\"widget\" data-widget_type=\"heading.default\">\n\t\t\t\t<div class=\"elementor-widget-container\">\n\t\t\t\t\t<h3 class=\"elementor-heading-title elementor-size-default\">Oferecemos<\/h3>\t\t\t\t<\/div>\n\t\t\t\t<\/div>\n\t\t\t\t<div class=\"elementor-element elementor-element-2683c6a leuk-tech-list elementor-icon-list--layout-traditional elementor-list-item-link-full_width elementor-widget elementor-widget-icon-list\" data-id=\"2683c6a\" data-element_type=\"widget\" data-e-type=\"widget\" data-widget_type=\"icon-list.default\">\n\t\t\t\t<div class=\"elementor-widget-container\">\n\t\t\t\t\t\t\t<ul class=\"elementor-icon-list-items\">\n\t\t\t\t\t\t\t<li class=\"elementor-icon-list-item\">\n\t\t\t\t\t\t\t\t\t\t<span class=\"elementor-icon-list-text\">Integra\u00e7\u00e3o numa empresa inovadora e em crescimento, l\u00edder no desenvolvimento de solu\u00e7\u00f5es de ilumina\u00e7\u00e3o LED personalizadas.<\/span>\n\t\t\t\t\t\t\t\t\t<\/li>\n\t\t\t\t\t\t\t\t<li class=\"elementor-icon-list-item\">\n\t\t\t\t\t\t\t\t\t\t<span class=\"elementor-icon-list-text\">Oportunidade de desenvolvimento profissional.<\/span>\n\t\t\t\t\t\t\t\t\t<\/li>\n\t\t\t\t\t\t\t\t<li class=\"elementor-icon-list-item\">\n\t\t\t\t\t\t\t\t\t\t<span class=\"elementor-icon-list-text\">Pacote salarial compat\u00edvel com a experi\u00eancia.<\/span>\n\t\t\t\t\t\t\t\t\t<\/li>\n\t\t\t\t\t\t\t\t<li class=\"elementor-icon-list-item\">\n\t\t\t\t\t\t\t\t\t\t<span class=\"elementor-icon-list-text\">Ambiente de trabalho din\u00e2mico e desafiador.<\/span>\n\t\t\t\t\t\t\t\t\t<\/li>\n\t\t\t\t\t\t<\/ul>\n\t\t\t\t\t\t<\/div>\n\t\t\t\t<\/div>\n\t\t\t\t<\/div>\n\t\t<div class=\"elementor-element elementor-element-2cefb66 e-con-full leuk-job-sidebar e-flex e-con e-child\" data-id=\"2cefb66\" data-element_type=\"container\" data-e-type=\"container\">\n\t\t\t\t<div class=\"elementor-element elementor-element-ac67666 elementor-widget elementor-widget-button\" data-id=\"ac67666\" data-element_type=\"widget\" data-e-type=\"widget\" data-widget_type=\"button.default\">\n\t\t\t\t<div class=\"elementor-widget-container\">\n\t\t\t\t\t\t\t\t\t<div class=\"elementor-button-wrapper\">\n\t\t\t\t\t<a class=\"elementor-button elementor-button-link elementor-size-sm\" href=\"#apply-form\">\n\t\t\t\t\t\t<span class=\"elementor-button-content-wrapper\">\n\t\t\t\t\t\t\t\t\t<span class=\"elementor-button-text\">Candidatar-se<\/span>\n\t\t\t\t\t<\/span>\n\t\t\t\t\t<\/a>\n\t\t\t\t<\/div>\n\t\t\t\t\t\t\t\t<\/div>\n\t\t\t\t<\/div>\n\t\t\t\t<\/div>\n\t\t\t\t\t<\/div>\n\t\t\t\t<\/div>\n\t\t<div class=\"elementor-element elementor-element-eb3ab1a leuk-job-form-section e-flex e-con-boxed e-con e-child\" data-id=\"eb3ab1a\" data-element_type=\"container\" data-e-type=\"container\" id=\"apply-form\" data-settings=\"{&quot;background_background&quot;:&quot;classic&quot;}\">\n\t\t\t\t\t<div class=\"e-con-inner\">\n\t\t\t\t<div class=\"elementor-element elementor-element-1b49fdb elementor-widget elementor-widget-heading\" data-id=\"1b49fdb\" data-element_type=\"widget\" data-e-type=\"widget\" data-widget_type=\"heading.default\">\n\t\t\t\t<div class=\"elementor-widget-container\">\n\t\t\t\t\t<h3 class=\"elementor-heading-title elementor-size-default\">Enviar candidatura<\/h3>\t\t\t\t<\/div>\n\t\t\t\t<\/div>\n\t\t\t\t<div class=\"elementor-element elementor-element-bcec0dc leuk-premium-form elementor-widget elementor-widget-wpforms\" data-id=\"bcec0dc\" data-element_type=\"widget\" data-e-type=\"widget\" data-widget_type=\"wpforms.default\">\n\t\t\t\t<div class=\"elementor-widget-container\">\n\t\t\t\t\t<div class=\"wpforms-container wpforms-container-save-resume wpforms-render-modern\" id=\"wpforms-991415\"><form id=\"wpforms-form-991415\" class=\"wpforms-validate wpforms-form wpforms-ajax-form\" data-formid=\"991415\" method=\"post\" enctype=\"multipart\/form-data\" action=\"\/fr\/wp-json\/wp\/v2\/pages\/991624?wpforms_form_id=991415\" data-token=\"1f8759b1a9d8275d30b82375a221e273\" data-token-time=\"1776202381\"><noscript class=\"wpforms-error-noscript\">Veuillez activer JavaScript dans votre navigateur pour remplir ce formulaire.<\/noscript><div id=\"wpforms-error-noscript\" style=\"display: none;\">Veuillez activer JavaScript dans votre navigateur pour remplir ce formulaire.<\/div><div class=\"wpforms-field-container\"><div id=\"wpforms-991415-field_11-container\" class=\"wpforms-field wpforms-field-text leuk-ref-field wpforms-field-readonly\" data-field-id=\"11\"><label class=\"wpforms-field-label\" for=\"wpforms-991415-field_11\">Refer\u00eancia<\/label><input type=\"text\" id=\"wpforms-991415-field_11\" class=\"wpforms-field-large\" name=\"wpforms[fields][11]\" aria-errormessage=\"wpforms-991415-field_11-error\" ><\/div><div id=\"wpforms-991415-field_1-container\" class=\"wpforms-field wpforms-field-name\" data-field-id=\"1\"><label class=\"wpforms-field-label\" for=\"wpforms-991415-field_1\">Nome completo <span class=\"wpforms-required-label\" aria-hidden=\"true\">*<\/span><\/label><input type=\"text\" id=\"wpforms-991415-field_1\" class=\"wpforms-field-large wpforms-field-required\" name=\"wpforms[fields][1]\" aria-errormessage=\"wpforms-991415-field_1-error\" required><\/div><div id=\"wpforms-991415-field_10-container\" class=\"wpforms-field wpforms-field-layout\" data-field-id=\"10\"><div class=\"wpforms-field-layout-rows wpforms-field-large\"><div class=\"wpforms-layout-row\"><div class=\"wpforms-layout-column wpforms-layout-column-50\"><div id=\"wpforms-991415-field_2-container\" class=\"wpforms-field wpforms-field-email\" data-field-id=\"2\"><label class=\"wpforms-field-label\" for=\"wpforms-991415-field_2\">E-mail <span class=\"wpforms-required-label\" aria-hidden=\"true\">*<\/span><\/label><input type=\"email\" id=\"wpforms-991415-field_2\" class=\"wpforms-field-large wpforms-field-required\" data-disable-suggestions=\"1\" name=\"wpforms[fields][2]\" spellcheck=\"false\" aria-errormessage=\"wpforms-991415-field_2-error\" required><\/div><\/div><div class=\"wpforms-layout-column wpforms-layout-column-50\"><div id=\"wpforms-991415-field_4-container\" class=\"wpforms-field wpforms-field-phone leuk-form__phone-field\" data-field-id=\"4\"><label class=\"wpforms-field-label\" for=\"wpforms-991415-field_4\">Contacto<\/label><input type=\"tel\" id=\"wpforms-991415-field_4\" class=\"wpforms-field-medium wpforms-smart-phone-field\" data-rule-smart-phone-field=\"true\" name=\"wpforms[fields][4]\" aria-label=\"Contacto\" aria-errormessage=\"wpforms-991415-field_4-error\" ><\/div><\/div><\/div><\/div><\/div><div id=\"wpforms-991415-field_5-container\" class=\"wpforms-field wpforms-field-url\" data-field-id=\"5\"><label class=\"wpforms-field-label\" for=\"wpforms-991415-field_5\">Perfil LinkedIn<\/label><input type=\"url\" id=\"wpforms-991415-field_5\" class=\"wpforms-field-large\" name=\"wpforms[fields][5]\" aria-errormessage=\"wpforms-991415-field_5-error\" ><\/div><div id=\"wpforms-991415-field_3-container\" class=\"wpforms-field wpforms-field-textarea\" data-field-id=\"3\"><label class=\"wpforms-field-label\" for=\"wpforms-991415-field_3\">Mensagem \/ Notas<\/label><textarea id=\"wpforms-991415-field_3\" class=\"wpforms-field-medium\" name=\"wpforms[fields][3]\" aria-errormessage=\"wpforms-991415-field_3-error\" ><\/textarea><\/div>\t\t<div id=\"wpforms-991415-field_7-container\"\n\t\t\tclass=\"wpforms-field wpforms-field-text\"\n\t\t\tdata-field-type=\"text\"\n\t\t\tdata-field-id=\"7\"\n\t\t\t>\n\t\t\t<label class=\"wpforms-field-label\" for=\"wpforms-991415-field_7\" >CV \/ LinkedIn<\/label>\n\t\t\t<input type=\"text\" id=\"wpforms-991415-field_7\" class=\"wpforms-field-medium\" name=\"wpforms[fields][7]\" >\n\t\t<\/div>\n\t\t<div id=\"wpforms-991415-field_6-container\" class=\"wpforms-field wpforms-field-file-upload\" data-field-id=\"6\"><label class=\"wpforms-field-label\" for=\"wpforms-991415-field_6\">CV \/ Portf\u00f3lio<\/label><div\n\t\tclass=\"wpforms-uploader \"\n\t\tdata-field-id=\"6\"\n\t\tdata-form-id=\"991415\"\n\t\tdata-input-name=\"wpforms_991415_6\"\n\t\tdata-extensions=\"pdf\"\n\t\tdata-max-size=\"5242880\"\n\t\tdata-max-file-number=\"1\"\n\t\tdata-post-max-size=\"536870912\"\n\t\tdata-max-parallel-uploads=\"4\"\n\t\tdata-parallel-uploads=\"true\"\n\t\tdata-file-chunk-size=\"2097152\">\n\t<div class=\"dz-message\">\n\t\t<svg  viewBox=\"0 0 640 640\" focusable=\"false\" data-icon=\"inbox\" width=\"50px\" height=\"50px\" fill=\"currentColor\" aria-hidden=\"true\">\n\t\t\t<path d=\"M352 173.3L352 384C352 401.7 337.7 416 320 416C302.3 416 288 401.7 288 384L288 173.3L246.6 214.7C234.1 227.2 213.8 227.2 201.3 214.7C188.8 202.2 188.8 181.9 201.3 169.4L297.3 73.4C309.8 60.9 330.1 60.9 342.6 73.4L438.6 169.4C451.1 181.9 451.1 202.2 438.6 214.7C426.1 227.2 405.8 227.2 393.3 214.7L352 173.3zM320 464C364.2 464 400 428.2 400 384L480 384C515.3 384 544 412.7 544 448L544 480C544 515.3 515.3 544 480 544L160 544C124.7 544 96 515.3 96 480L96 448C96 412.7 124.7 384 160 384L240 384C240 428.2 275.8 464 320 464zM464 488C477.3 488 488 477.3 488 464C488 450.7 477.3 440 464 440C450.7 440 440 450.7 440 464C440 477.3 450.7 488 464 488z\"\/>\n\t\t<\/svg>\n\n\t\t<span class=\"modern-title\">\n\t\t\t\t\t\t\tDrag &amp; Drop Files, \t\t\t\t<span>Choose Files to Upload<\/span>\n\t\t\t\t\t<\/span>\n\n\t\t\t<\/div>\n<\/div>\n\n<input\n\t\ttype=\"text\"\n\t\tautocomplete=\"off\"\n\t\treadonly\n\t\tclass=\"dropzone-input\"\n\t\tstyle=\"position:absolute!important;clip:rect(0,0,0,0)!important;height:1px!important;width:1px!important;border:0!important;overflow:hidden!important;padding:0!important;margin:0!important;\"\n\t\tid=\"wpforms-991415-field_6\"\n\t\tname=\"wpforms_991415_6\" \t\tvalue=\"\">\n<div id=\"wpforms-991415-field_6-description\" class=\"wpforms-field-description\">Apenas formato PDF, tamanho m\u00e1ximo 5Mb.<\/div><\/div><div id=\"wpforms-991415-field_12-container\" class=\"wpforms-field wpforms-field-gdpr-checkbox\" data-field-id=\"12\"><label class=\"wpforms-field-label\">Termos Legais <span class=\"wpforms-required-label\" aria-hidden=\"true\">*<\/span><\/label><ul id=\"wpforms-991415-field_12\" class=\"wpforms-field-required\"><li class=\"choice-1\"><input type=\"checkbox\" id=\"wpforms-991415-field_12_1\" name=\"wpforms[fields][12][]\" value=\"Li e aceito a &lt;a href=&quot;\/politica-de-privacidade-e-cookies\/&quot; target=&quot;_blank&quot;&gt;Pol\u00edtica de Privacidade&lt;\/a&gt; e autorizo o tratamento dos meus dados pessoais para efeitos de recrutamento e sele\u00e7\u00e3o.\" aria-errormessage=\"wpforms-991415-field_12_1-error\" required ><label class=\"wpforms-field-label-inline\" for=\"wpforms-991415-field_12_1\">Li e aceito a <a href=\"\/politica-de-privacidade-e-cookies\/\" target=\"_blank\">Pol\u00edtica de Privacidade<\/a> e autorizo o tratamento dos meus dados pessoais para efeitos de recrutamento e sele\u00e7\u00e3o.<\/label><\/li><\/ul><\/div><script>\n\t\t\t\t( function() {\n\t\t\t\t\tconst style = document.createElement( 'style' );\n\t\t\t\t\tstyle.appendChild( document.createTextNode( '#wpforms-991415-field_7-container { position: absolute !important; overflow: hidden !important; display: inline !important; height: 1px !important; width: 1px !important; z-index: -1000 !important; padding: 0 !important; } #wpforms-991415-field_7-container input { visibility: hidden; } #wpforms-conversational-form-page #wpforms-991415-field_7-container label { counter-increment: none; }' ) );\n\t\t\t\t\tdocument.head.appendChild( style );\n\t\t\t\t\tdocument.currentScript?.remove();\n\t\t\t\t} )();\n\t\t\t<\/script><\/div><!-- .wpforms-field-container --><div class=\"wpforms-submit-container\" ><input type=\"hidden\" name=\"wpforms[id]\" value=\"991415\"><input type=\"hidden\" name=\"page_title\" value=\"\"><input type=\"hidden\" name=\"page_url\" value=\"https:\/\/leuk.pt\/fr\/wp-json\/wp\/v2\/pages\/991624\"><input type=\"hidden\" name=\"url_referer\" value=\"\"><button type=\"submit\" name=\"wpforms[submit]\" id=\"wpforms-submit-991415\" class=\"wpforms-submit\" data-alt-text=\"A enviar...\" data-submit-text=\"Enviar\" aria-live=\"assertive\" value=\"wpforms-submit\">Enviar<\/button><img decoding=\"async\" src=\"https:\/\/leuk.pt\/wp-content\/plugins\/wpforms\/assets\/images\/submit-spin.svg\" class=\"wpforms-submit-spinner\" style=\"display: none;\" width=\"26\" height=\"26\" alt=\"Chargement en cours\"><\/div><\/form><\/div>  <!-- .wpforms-container -->\t\t\t\t<\/div>\n\t\t\t\t<\/div>\n\t\t\t\t\t<\/div>\n\t\t\t\t<\/div>\n\t\t\t\t<\/div>\n\t\t\t\t<\/div>\n\t\t","protected":false},"excerpt":{"rendered":"<p>Barcelos | Full-time | Produ\u00e7\u00e3o<\/p>","protected":false},"author":5,"featured_media":0,"parent":991272,"menu_order":72,"comment_status":"closed","ping_status":"closed","template":"","meta":{"_acf_changed":false,"footnotes":""},"class_list":["post-991624","page","type-page","status-publish","hentry"],"acf":[],"_links":{"self":[{"href":"https:\/\/leuk.pt\/fr\/wp-json\/wp\/v2\/pages\/991624","targetHints":{"allow":["GET"]}}],"collection":[{"href":"https:\/\/leuk.pt\/fr\/wp-json\/wp\/v2\/pages"}],"about":[{"href":"https:\/\/leuk.pt\/fr\/wp-json\/wp\/v2\/types\/page"}],"author":[{"embeddable":true,"href":"https:\/\/leuk.pt\/fr\/wp-json\/wp\/v2\/users\/5"}],"replies":[{"embeddable":true,"href":"https:\/\/leuk.pt\/fr\/wp-json\/wp\/v2\/comments?post=991624"}],"version-history":[{"count":0,"href":"https:\/\/leuk.pt\/fr\/wp-json\/wp\/v2\/pages\/991624\/revisions"}],"up":[{"embeddable":true,"href":"https:\/\/leuk.pt\/fr\/wp-json\/wp\/v2\/pages\/991272"}],"wp:attachment":[{"href":"https:\/\/leuk.pt\/fr\/wp-json\/wp\/v2\/media?parent=991624"}],"curies":[{"name":"wp","href":"https:\/\/api.w.org\/{rel}","templated":true}]}}