{"id":988680,"date":"2025-07-28T16:05:52","date_gmt":"2025-07-28T16:05:52","guid":{"rendered":"https:\/\/new1.leuk.pt\/?page_id=988680"},"modified":"2026-02-20T12:03:49","modified_gmt":"2026-02-20T12:03:49","slug":"gamme-de-produits","status":"publish","type":"page","link":"https:\/\/leuk.pt\/fr\/produtos\/gama-de-produtos\/","title":{"rendered":"Gama de Produtos"},"content":{"rendered":"<div data-elementor-type=\"wp-page\" data-elementor-id=\"988680\" class=\"elementor elementor-988680\" data-elementor-post-type=\"page\">\n\t\t\t\t<div class=\"elementor-element elementor-element-7578c9f e-flex e-con-boxed e-con e-parent\" data-id=\"7578c9f\" data-element_type=\"container\" data-e-type=\"container\">\n\t\t\t\t\t<div class=\"e-con-inner\">\n\t\t\t\t<div class=\"elementor-element elementor-element-d463f14 elementor-widget elementor-widget-heading\" data-id=\"d463f14\" data-element_type=\"widget\" data-e-type=\"widget\" id=\"titulo_principal\" data-widget_type=\"heading.default\">\n\t\t\t\t<div class=\"elementor-widget-container\">\n\t\t\t\t\t<h1 class=\"elementor-heading-title elementor-size-default\">Gama de Produtos<\/h1>\t\t\t\t<\/div>\n\t\t\t\t<\/div>\n\t\t\t\t<div class=\"elementor-element elementor-element-35a60a2 elementor-widget__width-initial elementor-widget elementor-widget-text-editor\" data-id=\"35a60a2\" data-element_type=\"widget\" data-e-type=\"widget\" id=\"descricao_principal\" data-widget_type=\"text-editor.default\">\n\t\t\t\t<div class=\"elementor-widget-container\">\n\t\t\t\t\t\t\t\t\t<p>Descubra nossa gama de produtos: design sofisticado, impacto sustent\u00e1vel, inova\u00e7\u00e3o sem limites. Tecnologia, design e prop\u00f3sito para os sues projetos.<\/p>\t\t\t\t\t\t\t\t<\/div>\n\t\t\t\t<\/div>\n\t\t\t\t<div class=\"elementor-element elementor-element-d89c6e9 elementor-widget elementor-widget-shortcode\" data-id=\"d89c6e9\" data-element_type=\"widget\" data-e-type=\"widget\" data-widget_type=\"shortcode.default\">\n\t\t\t\t<div class=\"elementor-widget-container\">\n\t\t\t\t\t\t\t<div class=\"elementor-shortcode\"><\/div>\n\t\t\t\t\t\t<\/div>\n\t\t\t\t<\/div>\n\t\t\t\t\t<\/div>\n\t\t\t\t<\/div>\n\t\t\t\t<\/div>","protected":false},"excerpt":{"rendered":"<p>Gama de Produtos Descubra nossa gama de produtos: design sofisticado, impacto sustent\u00e1vel, inova\u00e7\u00e3o sem limites. Tecnologia, design e prop\u00f3sito para os sues projetos.<\/p>","protected":false},"author":2,"featured_media":0,"parent":992165,"menu_order":31,"comment_status":"closed","ping_status":"closed","template":"","meta":{"_acf_changed":false,"footnotes":""},"class_list":["post-988680","page","type-page","status-publish","hentry"],"acf":[],"_links":{"self":[{"href":"https:\/\/leuk.pt\/fr\/wp-json\/wp\/v2\/pages\/988680","targetHints":{"allow":["GET"]}}],"collection":[{"href":"https:\/\/leuk.pt\/fr\/wp-json\/wp\/v2\/pages"}],"about":[{"href":"https:\/\/leuk.pt\/fr\/wp-json\/wp\/v2\/types\/page"}],"author":[{"embeddable":true,"href":"https:\/\/leuk.pt\/fr\/wp-json\/wp\/v2\/users\/2"}],"replies":[{"embeddable":true,"href":"https:\/\/leuk.pt\/fr\/wp-json\/wp\/v2\/comments?post=988680"}],"version-history":[{"count":0,"href":"https:\/\/leuk.pt\/fr\/wp-json\/wp\/v2\/pages\/988680\/revisions"}],"up":[{"embeddable":true,"href":"https:\/\/leuk.pt\/fr\/wp-json\/wp\/v2\/pages\/992165"}],"wp:attachment":[{"href":"https:\/\/leuk.pt\/fr\/wp-json\/wp\/v2\/media?parent=988680"}],"curies":[{"name":"wp","href":"https:\/\/api.w.org\/{rel}","templated":true}]}}