{"id":993462,"date":"2026-01-30T18:03:40","date_gmt":"2026-01-30T18:03:40","guid":{"rendered":"https:\/\/leuk.pt\/?page_id=993462"},"modified":"2026-03-30T17:12:26","modified_gmt":"2026-03-30T16:12:26","slug":"agendar-reunion","status":"publish","type":"page","link":"https:\/\/leuk.pt\/es\/agendar-reunion\/","title":{"rendered":"Programar una reuni\u00f3n"},"content":{"rendered":"\t\t<div data-elementor-type=\"wp-page\" data-elementor-id=\"993462\" class=\"elementor elementor-993462\" data-elementor-post-type=\"page\">\n\t\t\t\t<div class=\"elementor-element elementor-element-69ed653 e-flex e-con-boxed e-con e-parent\" data-id=\"69ed653\" data-element_type=\"container\" data-e-type=\"container\">\n\t\t\t\t\t<div class=\"e-con-inner\">\n\t\t<div class=\"elementor-element elementor-element-a8cc9f7 e-flex e-con-boxed e-con e-child\" data-id=\"a8cc9f7\" data-element_type=\"container\" data-e-type=\"container\" data-settings=\"{&quot;background_background&quot;:&quot;classic&quot;}\">\n\t\t\t\t\t<div class=\"e-con-inner\">\n\t\t\t\t<div class=\"elementor-element elementor-element-e04b3d6 elementor-widget elementor-widget-heading\" data-id=\"e04b3d6\" data-element_type=\"widget\" data-e-type=\"widget\" data-widget_type=\"heading.default\">\n\t\t\t\t<div class=\"elementor-widget-container\">\n\t\t\t\t\t<h1 class=\"elementor-heading-title elementor-size-default\">T\u00eam um projeto?\n<br>Gostaria de ser um parceiro LEUK?<\/h1>\t\t\t\t<\/div>\n\t\t\t\t<\/div>\n\t\t\t\t<div class=\"elementor-element elementor-element-f85a805 elementor-widget elementor-widget-text-editor\" data-id=\"f85a805\" data-element_type=\"widget\" data-e-type=\"widget\" data-widget_type=\"text-editor.default\">\n\t\t\t\t<div class=\"elementor-widget-container\">\n\t\t\t\t\t\t\t\t\tCaso pretenda agendar uma reuni\u00e3o nas nossas instala\u00e7\u00f5es ou uma videochamada, deixe-nos o seu contacto e ajude-nos a conhecer melhor o seu projeto e a sua marca, preenchendo o formul\u00e1rio.\t\t\t\t\t\t\t\t<\/div>\n\t\t\t\t<\/div>\n\t\t\t\t\t<\/div>\n\t\t\t\t<\/div>\n\t\t\t\t\t<\/div>\n\t\t\t\t<\/div>\n\t\t<div class=\"elementor-element elementor-element-f1d96c8 leuk-job-form-section e-flex e-con-boxed e-con e-parent\" data-id=\"f1d96c8\" data-element_type=\"container\" data-e-type=\"container\" data-settings=\"{&quot;background_background&quot;:&quot;classic&quot;}\">\n\t\t\t\t\t<div class=\"e-con-inner\">\n\t\t<div class=\"elementor-element elementor-element-8bb42c0 e-con-full e-flex e-con e-child\" data-id=\"8bb42c0\" data-element_type=\"container\" data-e-type=\"container\">\n\t\t\t\t<div class=\"elementor-element elementor-element-2e88e9c elementor-widget elementor-widget-icon-box\" data-id=\"2e88e9c\" data-element_type=\"widget\" data-e-type=\"widget\" data-widget_type=\"icon-box.default\">\n\t\t\t\t<div class=\"elementor-widget-container\">\n\t\t\t\t\t\t\t<div class=\"elementor-icon-box-wrapper\">\n\n\t\t\t\n\t\t\t\t\t\t<div class=\"elementor-icon-box-content\">\n\n\t\t\t\t\t\t\t\t\t<h3 class=\"elementor-icon-box-title\">\n\t\t\t\t\t\t<span  >\n\t\t\t\t\t\t\tEdif\u00edcio Sede\t\t\t\t\t\t<\/span>\n\t\t\t\t\t<\/h3>\n\t\t\t\t\n\t\t\t\t\t\t\t\t\t<p class=\"elementor-icon-box-description\">\n\t\t\t\t\t\tRua Dona Elvira Gomes Barroso, 1050<br>\n4755-230 Barcelos<br>\nPortugal\t\t\t\t\t<\/p>\n\t\t\t\t\n\t\t\t<\/div>\n\t\t\t\n\t\t<\/div>\n\t\t\t\t\t\t<\/div>\n\t\t\t\t<\/div>\n\t\t\t\t<div class=\"elementor-element elementor-element-24e6389b elementor-widget elementor-widget-icon-box\" data-id=\"24e6389b\" data-element_type=\"widget\" data-e-type=\"widget\" data-widget_type=\"icon-box.default\">\n\t\t\t\t<div class=\"elementor-widget-container\">\n\t\t\t\t\t\t\t<div class=\"elementor-icon-box-wrapper\">\n\n\t\t\t\n\t\t\t\t\t\t<div class=\"elementor-icon-box-content\">\n\n\t\t\t\t\t\t\t\t\t<h3 class=\"elementor-icon-box-title\">\n\t\t\t\t\t\t<span  >\n\t\t\t\t\t\t\tContactos\t\t\t\t\t\t<\/span>\n\t\t\t\t\t<\/h3>\n\t\t\t\t\n\t\t\t\t\t\t\t\t\t<p class=\"elementor-icon-box-description\">\n\t\t\t\t\t\t+351 253 816 433\n<br>\n<span style=\"font-size: 14px;opacity: 0.9\">(Chamada para a rede fixa nacional)<\/span>\n<br>\ninfo@leuk.pt\t\t\t\t\t<\/p>\n\t\t\t\t\n\t\t\t<\/div>\n\t\t\t\n\t\t<\/div>\n\t\t\t\t\t\t<\/div>\n\t\t\t\t<\/div>\n\t\t\t\t<div class=\"elementor-element elementor-element-87549d5 elementor-widget elementor-widget-icon-box\" data-id=\"87549d5\" data-element_type=\"widget\" data-e-type=\"widget\" data-widget_type=\"icon-box.default\">\n\t\t\t\t<div class=\"elementor-widget-container\">\n\t\t\t\t\t\t\t<div class=\"elementor-icon-box-wrapper\">\n\n\t\t\t\n\t\t\t\t\t\t<div class=\"elementor-icon-box-content\">\n\n\t\t\t\t\t\t\t\t\t<h3 class=\"elementor-icon-box-title\">\n\t\t\t\t\t\t<span  >\n\t\t\t\t\t\t\tHor\u00e1rio\t\t\t\t\t\t<\/span>\n\t\t\t\t\t<\/h3>\n\t\t\t\t\n\t\t\t\t\t\t\t\t\t<p class=\"elementor-icon-box-description\">\n\t\t\t\t\t\tSeg-Sex: 8h00 - 17h30\t\t\t\t\t<\/p>\n\t\t\t\t\n\t\t\t<\/div>\n\t\t\t\n\t\t<\/div>\n\t\t\t\t\t\t<\/div>\n\t\t\t\t<\/div>\n\t\t\t\t<\/div>\n\t\t<div class=\"elementor-element elementor-element-509eccb e-con-full e-flex e-con e-child\" data-id=\"509eccb\" data-element_type=\"container\" data-e-type=\"container\">\n\t\t\t\t<div class=\"elementor-element elementor-element-b970a8c leuk-premium-form elementor-widget elementor-widget-wpforms\" data-id=\"b970a8c\" data-element_type=\"widget\" data-e-type=\"widget\" data-widget_type=\"wpforms.default\">\n\t\t\t\t<div class=\"elementor-widget-container\">\n\t\t\t\t\t<div class=\"wpforms-container wpforms-container-save-resume wpforms-render-modern\" id=\"wpforms-993456\"><form id=\"wpforms-form-993456\" class=\"wpforms-validate wpforms-form wpforms-ajax-form\" data-formid=\"993456\" method=\"post\" enctype=\"multipart\/form-data\" action=\"\/es\/wp-json\/wp\/v2\/pages\/993462\" data-token=\"b4e35bc56bf953642f3a4bffa1fb8040\" data-token-time=\"1775567224\"><noscript class=\"wpforms-error-noscript\">Por favor, activa JavaScript en tu navegador para completar este formulario.<\/noscript><div id=\"wpforms-error-noscript\" style=\"display: none;\">Por favor, activa JavaScript en tu navegador para completar este formulario.<\/div><div class=\"wpforms-field-container\"><div id=\"wpforms-993456-field_1-container\" class=\"wpforms-field wpforms-field-text\" data-field-id=\"1\"><label class=\"wpforms-field-label\" for=\"wpforms-993456-field_1\">Nome<\/label><input type=\"text\" id=\"wpforms-993456-field_1\" class=\"wpforms-field-large\" name=\"wpforms[fields][1]\" aria-errormessage=\"wpforms-993456-field_1-error\" ><\/div><div id=\"wpforms-993456-field_3-container\" class=\"wpforms-field wpforms-field-layout\" data-field-id=\"3\"><div class=\"wpforms-field-layout-rows wpforms-field-large\"><div class=\"wpforms-layout-row\"><div class=\"wpforms-layout-column wpforms-layout-column-33\"><div id=\"wpforms-993456-field_4-container\" class=\"wpforms-field wpforms-field-email\" data-field-id=\"4\"><label class=\"wpforms-field-label\" for=\"wpforms-993456-field_4\">E-mail <span class=\"wpforms-required-label\" aria-hidden=\"true\">*<\/span><\/label><input type=\"email\" id=\"wpforms-993456-field_4\" class=\"wpforms-field-medium wpforms-field-required\" data-disable-suggestions=\"1\" name=\"wpforms[fields][4]\" spellcheck=\"false\" aria-errormessage=\"wpforms-993456-field_4-error\" required><\/div><\/div><div class=\"wpforms-layout-column wpforms-layout-column-33\"><div id=\"wpforms-993456-field_5-container\" class=\"wpforms-field wpforms-field-phone\" data-field-id=\"5\"><label class=\"wpforms-field-label\" for=\"wpforms-993456-field_5\">Contacto <span class=\"wpforms-required-label\" aria-hidden=\"true\">*<\/span><\/label><input type=\"tel\" id=\"wpforms-993456-field_5\" class=\"wpforms-field-medium wpforms-field-required wpforms-smart-phone-field\" data-rule-smart-phone-field=\"true\" name=\"wpforms[fields][5]\" aria-label=\"Contacto\" aria-errormessage=\"wpforms-993456-field_5-error\" required><\/div><\/div><div class=\"wpforms-layout-column wpforms-layout-column-33\"><div id=\"wpforms-993456-field_6-container\" class=\"wpforms-field wpforms-field-text\" data-field-id=\"6\"><label class=\"wpforms-field-label\" for=\"wpforms-993456-field_6\">Localidade <span class=\"wpforms-required-label\" aria-hidden=\"true\">*<\/span><\/label><input type=\"text\" id=\"wpforms-993456-field_6\" class=\"wpforms-field-medium wpforms-field-required\" name=\"wpforms[fields][6]\" aria-errormessage=\"wpforms-993456-field_6-error\" required><\/div><\/div><\/div><\/div><\/div><div id=\"wpforms-993456-field_7-container\" class=\"wpforms-field wpforms-field-select wpforms-field-select-style-modern\" data-field-id=\"7\"><label class=\"wpforms-field-label\" for=\"wpforms-993456-field_7\">Tipo de Neg\u00f3cio <span class=\"wpforms-required-label\" aria-hidden=\"true\">*<\/span><\/label><select id=\"wpforms-993456-field_7\" class=\"wpforms-field-large wpforms-field-required choicesjs-select\" data-size-class=\"wpforms-field-row wpforms-field-large\" data-search-enabled=\"\" name=\"wpforms[fields][7]\" required=\"required\"><option value=\"\" class=\"placeholder\" disabled  selected='selected'>- Escolher -<\/option><option value=\"Arquiteto\"  class=\"choice-1 depth-1\"  >Arquiteto<\/option><option value=\"Projetista\"  class=\"choice-2 depth-1\"  >Projetista<\/option><option value=\"Retalhista\"  class=\"choice-3 depth-1\"  >Retalhista<\/option><option value=\"Designer Interiores\"  class=\"choice-4 depth-1\"  >Designer Interiores<\/option><option value=\"Promotor\"  class=\"choice-5 depth-1\"  >Promotor<\/option><option value=\"Construtor\"  class=\"choice-6 depth-1\"  >Construtor<\/option><option value=\"Outro\"  class=\"choice-7 depth-1\"  >Outro<\/option><\/select><\/div>\t\t<div id=\"wpforms-993456-field_2-container\"\n\t\t\tclass=\"wpforms-field wpforms-field-text\"\n\t\t\tdata-field-type=\"text\"\n\t\t\tdata-field-id=\"2\"\n\t\t\t>\n\t\t\t<label class=\"wpforms-field-label\" for=\"wpforms-993456-field_2\" >Layout Hora E-mail<\/label>\n\t\t\t<input type=\"text\" id=\"wpforms-993456-field_2\" class=\"wpforms-field-medium\" name=\"wpforms[fields][2]\" >\n\t\t<\/div>\n\t\t<div id=\"wpforms-993456-field_9-container\" class=\"wpforms-field wpforms-field-layout\" data-field-id=\"9\"><div class=\"wpforms-field-layout-rows wpforms-field-large\"><div class=\"wpforms-layout-row\"><div class=\"wpforms-layout-column wpforms-layout-column-50\"><div id=\"wpforms-993456-field_8-container\" class=\"wpforms-field wpforms-field-date-time\" data-field-id=\"8\"><label class=\"wpforms-field-label\" for=\"wpforms-993456-field_8\">Data preferencial <span class=\"wpforms-required-label\" aria-hidden=\"true\">*<\/span><\/label><div class=\"wpforms-datepicker-wrap\"><input type=\"text\" id=\"wpforms-993456-field_8\" class=\"wpforms-field-date-time-date wpforms-datepicker wpforms-field-required wpforms-field-medium\" data-date-format=\"d\/m\/Y\" data-disable-past-dates=\"1\" data-disable-todays-date=\"1\" data-input=\"true\" name=\"wpforms[fields][8][date]\" aria-errormessage=\"wpforms-993456-field_8-error\" required><a title=\"Borrar fecha\" data-clear role=\"button\" tabindex=\"0\" class=\"wpforms-datepicker-clear\" aria-label=\"Borrar fecha\" style=\"display:none;\"><\/a><\/div><\/div><\/div><div class=\"wpforms-layout-column wpforms-layout-column-50\"><div id=\"wpforms-993456-field_11-container\" class=\"wpforms-field wpforms-field-select wpforms-field-select-style-modern\" data-field-id=\"11\"><label class=\"wpforms-field-label\" for=\"wpforms-993456-field_11\">Hora preferencial <span class=\"wpforms-required-label\" aria-hidden=\"true\">*<\/span><\/label><select id=\"wpforms-993456-field_11\" class=\"wpforms-field-medium wpforms-field-required choicesjs-select\" data-size-class=\"wpforms-field-row wpforms-field-medium\" data-search-enabled=\"\" name=\"wpforms[fields][11]\" required=\"required\"><option value=\"\" class=\"placeholder\" disabled  selected='selected'>- Escolher -<\/option><option value=\"9h - 12h\"  class=\"choice-1 depth-1\"  >9h - 12h<\/option><option value=\"14h - 16h\"  class=\"choice-2 depth-1\"  >14h - 16h<\/option><option value=\"16h - 19h\"  class=\"choice-3 depth-1\"  >16h - 19h<\/option><\/select><\/div><\/div><\/div><\/div><\/div><div id=\"wpforms-993456-field_13-container\" class=\"wpforms-field wpforms-field-textarea\" data-field-id=\"13\"><label class=\"wpforms-field-label\" for=\"wpforms-993456-field_13\">Mensagem<\/label><textarea id=\"wpforms-993456-field_13\" class=\"wpforms-field-medium\" name=\"wpforms[fields][13]\" aria-errormessage=\"wpforms-993456-field_13-error\" ><\/textarea><\/div><div id=\"wpforms-993456-field_14-container\" class=\"wpforms-field wpforms-field-gdpr-checkbox\" data-field-id=\"14\"><label class=\"wpforms-field-label\">Termos Legais <span class=\"wpforms-required-label\" aria-hidden=\"true\">*<\/span><\/label><ul id=\"wpforms-993456-field_14\" class=\"wpforms-field-required\"><li class=\"choice-1\"><input type=\"checkbox\" id=\"wpforms-993456-field_14_1\" name=\"wpforms[fields][14][]\" value=\"Li e aceito a &lt;a href=&quot;\/politica-de-privacidade-e-cookies\/&quot; target=&quot;_blank&quot;&gt;Pol\u00edtica de Privacidade&lt;\/a&gt; e autorizo o tratamento dos meus dados pessoais.\" aria-errormessage=\"wpforms-993456-field_14_1-error\" required ><label class=\"wpforms-field-label-inline\" for=\"wpforms-993456-field_14_1\">Li e aceito a <a href=\"\/politica-de-privacidade-e-cookies\/\" target=\"_blank\">Pol\u00edtica de Privacidade<\/a> e autorizo o tratamento dos meus dados pessoais.<\/label><\/li><\/ul><\/div><script>\n\t\t\t\t( function() {\n\t\t\t\t\tconst style = document.createElement( 'style' );\n\t\t\t\t\tstyle.appendChild( document.createTextNode( '#wpforms-993456-field_2-container { position: absolute !important; overflow: hidden !important; display: inline !important; height: 1px !important; width: 1px !important; z-index: -1000 !important; padding: 0 !important; } #wpforms-993456-field_2-container input { visibility: hidden; } #wpforms-conversational-form-page #wpforms-993456-field_2-container label { counter-increment: none; }' ) );\n\t\t\t\t\tdocument.head.appendChild( style );\n\t\t\t\t\tdocument.currentScript?.remove();\n\t\t\t\t} )();\n\t\t\t<\/script><\/div><!-- .wpforms-field-container --><div class=\"wpforms-submit-container\" ><input type=\"hidden\" name=\"wpforms[id]\" value=\"993456\"><input type=\"hidden\" name=\"page_title\" value=\"\"><input type=\"hidden\" name=\"page_url\" value=\"https:\/\/leuk.pt\/es\/wp-json\/wp\/v2\/pages\/993462\"><input type=\"hidden\" name=\"url_referer\" value=\"\"><button type=\"submit\" name=\"wpforms[submit]\" id=\"wpforms-submit-993456\" class=\"wpforms-submit\" data-alt-text=\"A enviar mensagem...\" data-submit-text=\"Enviar\" aria-live=\"assertive\" value=\"wpforms-submit\">Enviar<\/button><img decoding=\"async\" src=\"https:\/\/leuk.pt\/wp-content\/plugins\/wpforms\/assets\/images\/submit-spin.svg\" class=\"wpforms-submit-spinner\" style=\"display: none;\" width=\"26\" height=\"26\" alt=\"Cargando\"><\/div><\/form><\/div>  <!-- .wpforms-container -->\t\t\t\t<\/div>\n\t\t\t\t<\/div>\n\t\t\t\t<\/div>\n\t\t\t\t\t<\/div>\n\t\t\t\t<\/div>\n\t\t\t\t<\/div>\n\t\t","protected":false},"excerpt":{"rendered":"<p>T\u00eam um projeto? Gostaria de ser um parceiro LEUK? Caso pretenda agendar uma reuni\u00e3o nas nossas instala\u00e7\u00f5es ou uma videochamada, deixe-nos o seu contacto e ajude-nos a conhecer melhor o seu projeto e a sua marca, preenchendo o formul\u00e1rio. Edif\u00edcio Sede Rua Dona Elvira Gomes Barroso, 1050 4755-230 Barcelos Portugal Contactos +351 253 816 433 [&hellip;]<\/p>\n","protected":false},"author":5,"featured_media":0,"parent":0,"menu_order":9,"comment_status":"closed","ping_status":"closed","template":"","meta":{"_acf_changed":false,"footnotes":""},"class_list":["post-993462","page","type-page","status-publish","hentry"],"acf":[],"_links":{"self":[{"href":"https:\/\/leuk.pt\/es\/wp-json\/wp\/v2\/pages\/993462","targetHints":{"allow":["GET"]}}],"collection":[{"href":"https:\/\/leuk.pt\/es\/wp-json\/wp\/v2\/pages"}],"about":[{"href":"https:\/\/leuk.pt\/es\/wp-json\/wp\/v2\/types\/page"}],"author":[{"embeddable":true,"href":"https:\/\/leuk.pt\/es\/wp-json\/wp\/v2\/users\/5"}],"replies":[{"embeddable":true,"href":"https:\/\/leuk.pt\/es\/wp-json\/wp\/v2\/comments?post=993462"}],"version-history":[{"count":3,"href":"https:\/\/leuk.pt\/es\/wp-json\/wp\/v2\/pages\/993462\/revisions"}],"predecessor-version":[{"id":995865,"href":"https:\/\/leuk.pt\/es\/wp-json\/wp\/v2\/pages\/993462\/revisions\/995865"}],"wp:attachment":[{"href":"https:\/\/leuk.pt\/es\/wp-json\/wp\/v2\/media?parent=993462"}],"curies":[{"name":"wp","href":"https:\/\/api.w.org\/{rel}","templated":true}]}}