{"id":993125,"date":"2026-01-29T08:57:37","date_gmt":"2026-01-29T08:57:37","guid":{"rendered":"https:\/\/leuk.pt\/?page_id=993125"},"modified":"2026-02-10T13:20:37","modified_gmt":"2026-02-10T13:20:37","slug":"politica-de-calidad","status":"publish","type":"page","link":"https:\/\/leuk.pt\/es\/politica-de-qualidade\/","title":{"rendered":"Pol\u00edtica de calidad"},"content":{"rendered":"<div data-elementor-type=\"wp-page\" data-elementor-id=\"993125\" class=\"elementor elementor-993125\" data-elementor-post-type=\"page\">\n\t\t\t\t<div class=\"elementor-element elementor-element-1fd06bf e-con-full e-flex e-con e-parent\" data-id=\"1fd06bf\" data-element_type=\"container\" data-e-type=\"container\">\n\t\t<div class=\"elementor-element elementor-element-87b446c e-flex e-con-boxed e-con e-child\" data-id=\"87b446c\" data-element_type=\"container\" data-e-type=\"container\">\n\t\t\t\t\t<div class=\"e-con-inner\">\n\t\t\t\t<div class=\"elementor-element elementor-element-2a35aec elementor-widget elementor-widget-heading\" data-id=\"2a35aec\" data-element_type=\"widget\" data-e-type=\"widget\" data-widget_type=\"heading.default\">\n\t\t\t\t<div class=\"elementor-widget-container\">\n\t\t\t\t\t<h1 class=\"elementor-heading-title elementor-size-default\">Pol\u00edtica de calidad<\/h1>\t\t\t\t<\/div>\n\t\t\t\t<\/div>\n\t\t\t\t<div class=\"elementor-element elementor-element-03b6dcd elementor-widget elementor-widget-text-editor\" data-id=\"03b6dcd\" data-element_type=\"widget\" data-e-type=\"widget\" data-widget_type=\"text-editor.default\">\n\t\t\t\t<div class=\"elementor-widget-container\">\n\t\t\t\t\t\t\t\t\t<p>LEUK orienta su actuaci\u00f3n hacia el crecimiento sostenido y el refuerzo de su oferta de productos y servicios, desarrollando nuevas competencias y estableciendo alianzas estrat\u00e9gicas con socios que comparten su visi\u00f3n y comprensi\u00f3n de las necesidades del mercado y de las exigencias espec\u00edficas de cada cliente.<\/p><p>Con un enfoque claro en el aumento de los est\u00e1ndares de calidad y la satisfacci\u00f3n de los clientes, LEUK se compromete a cumplir y promover la presente Pol\u00edtica de Calidad, basada en los siguientes principios:<\/p><p><strong>1. Confianza y compromiso:<\/strong><br \/>Ser, para colaboradores, clientes, proveedores y socios de negocio, una empresa cre\u00edble, competente y competitiva, basada en relaciones de confianza, transparencia y compromiso.<\/p><p><strong>2. Agilidad organizacional:<\/strong><br \/>Promover el desarrollo de la madurez organizacional, garantizando la eficiencia interna y la rapidez en la disponibilidad de productos y\/o servicios, con capacidad de respuesta al mercado nacional e internacional.<\/p><p><strong>3. Innovaci\u00f3n y proximidad al cliente:<\/strong><br \/>Invertir de forma consistente en innovaci\u00f3n (productos, servicios y tecnolog\u00edas) y en un modelo de proximidad al cliente, asegurando una respuesta r\u00e1pida y orientada a la creaci\u00f3n de valor.<\/p><p><strong>4. Valoraci\u00f3n humana:<\/strong><br \/>Mantener a los colaboradores motivados, asegurando condiciones de trabajo adecuadas y saludables, as\u00ed como los medios t\u00e9cnicos y las infraestructuras necesarias para el cumplimiento de los objetivos de la organizaci\u00f3n.<\/p><p><strong>5. Conformidad y mejora continua:<\/strong><br \/>Cumplir con los requisitos legales y reglamentarios aplicables al sector y los marcos de referencia adoptados, incluida la norma NP EN ISO 9001, promoviendo la mejora continua de la eficacia del Sistema de Gesti\u00f3n de la Calidad.<\/p><p>La Pol\u00edtica de Calidad de LEUK, apoyada en estos principios, orienta el desarrollo de productos y soluciones de iluminaci\u00f3n de alta eficiencia energ\u00e9tica y soluciones a medida, equilibrando est\u00e9tica, funcionalidad y sostenibilidad.<\/p><p>La Direcci\u00f3n asegura la comunicaci\u00f3n, implementaci\u00f3n y revisi\u00f3n peri\u00f3dica de esta pol\u00edtica, a fin de mantener su adecuaci\u00f3n y eficacia.<\/p>\t\t\t\t\t\t\t\t<\/div>\n\t\t\t\t<\/div>\n\t\t\t\t<div class=\"elementor-element elementor-element-6dc6a46 elementor-widget elementor-widget-text-editor\" data-id=\"6dc6a46\" data-element_type=\"widget\" data-e-type=\"widget\" data-widget_type=\"text-editor.default\">\n\t\t\t\t<div class=\"elementor-widget-container\">\n\t\t\t\t\t\t\t\t\t<p>Revisado en enero de 2026.<\/p>\t\t\t\t\t\t\t\t<\/div>\n\t\t\t\t<\/div>\n\t\t\t\t\t<\/div>\n\t\t\t\t<\/div>\n\t\t\t\t<\/div>\n\t\t\t\t<\/div>","protected":false},"excerpt":{"rendered":"<p>Pol\u00edtica de Qualidade A LEUK orienta a sua atua\u00e7\u00e3o para o crescimento sustentado e para o refor\u00e7o da sua oferta de produtos e servi\u00e7os, desenvolvendo novas compet\u00eancias e estabelecendo alian\u00e7as estrat\u00e9gicas com parceiros que partilham a sua vis\u00e3o e compreens\u00e3o das necessidades do mercado e das exig\u00eancias espec\u00edficas de cada cliente. Com um foco claro [&hellip;]<\/p>\n","protected":false},"author":5,"featured_media":0,"parent":0,"menu_order":111,"comment_status":"closed","ping_status":"closed","template":"","meta":{"_acf_changed":false,"footnotes":""},"class_list":["post-993125","page","type-page","status-publish","hentry"],"acf":[],"_links":{"self":[{"href":"https:\/\/leuk.pt\/es\/wp-json\/wp\/v2\/pages\/993125","targetHints":{"allow":["GET"]}}],"collection":[{"href":"https:\/\/leuk.pt\/es\/wp-json\/wp\/v2\/pages"}],"about":[{"href":"https:\/\/leuk.pt\/es\/wp-json\/wp\/v2\/types\/page"}],"author":[{"embeddable":true,"href":"https:\/\/leuk.pt\/es\/wp-json\/wp\/v2\/users\/5"}],"replies":[{"embeddable":true,"href":"https:\/\/leuk.pt\/es\/wp-json\/wp\/v2\/comments?post=993125"}],"version-history":[{"count":0,"href":"https:\/\/leuk.pt\/es\/wp-json\/wp\/v2\/pages\/993125\/revisions"}],"wp:attachment":[{"href":"https:\/\/leuk.pt\/es\/wp-json\/wp\/v2\/media?parent=993125"}],"curies":[{"name":"wp","href":"https:\/\/api.w.org\/{rel}","templated":true}]}}