{"id":992165,"date":"2026-01-23T11:02:13","date_gmt":"2026-01-23T11:02:13","guid":{"rendered":"https:\/\/leuk.pt\/?page_id=992165"},"modified":"2026-03-16T09:13:05","modified_gmt":"2026-03-16T09:13:05","slug":"productos","status":"publish","type":"page","link":"https:\/\/leuk.pt\/es\/produtos\/","title":{"rendered":"Productos"},"content":{"rendered":"<div data-elementor-type=\"wp-page\" data-elementor-id=\"992165\" class=\"elementor elementor-992165\" data-elementor-post-type=\"page\">\n\t\t\t\t<div class=\"elementor-element elementor-element-8dea8e2 e-con-full e-flex e-con e-parent\" data-id=\"8dea8e2\" data-element_type=\"container\" data-e-type=\"container\">\n\t\t\t\t<div class=\"elementor-element elementor-element-b8c84c4 elementor-widget elementor-widget-spacer\" data-id=\"b8c84c4\" data-element_type=\"widget\" data-e-type=\"widget\" data-widget_type=\"spacer.default\">\n\t\t\t\t<div class=\"elementor-widget-container\">\n\t\t\t\t\t\t\t<div class=\"elementor-spacer\">\n\t\t\t<div class=\"elementor-spacer-inner\"><\/div>\n\t\t<\/div>\n\t\t\t\t\t\t<\/div>\n\t\t\t\t<\/div>\n\t\t\t\t<\/div>\n\t\t<div class=\"elementor-element elementor-element-2069322 e-flex e-con-boxed e-con e-parent\" data-id=\"2069322\" data-element_type=\"container\" data-e-type=\"container\" data-settings=\"{&quot;background_background&quot;:&quot;classic&quot;}\">\n\t\t\t\t\t<div class=\"e-con-inner\">\n\t\t\t\t<div class=\"elementor-element elementor-element-ec1ddae elementor-widget elementor-widget-heading\" data-id=\"ec1ddae\" data-element_type=\"widget\" data-e-type=\"widget\" data-widget_type=\"heading.default\">\n\t\t\t\t<div class=\"elementor-widget-container\">\n\t\t\t\t\t<h2 class=\"elementor-heading-title elementor-size-default\">Nuestro escaparate digital se est\u00e1 actualizando.<\/h2>\t\t\t\t<\/div>\n\t\t\t\t<\/div>\n\t\t\t\t<div class=\"elementor-element elementor-element-87235da elementor-widget elementor-widget-text-editor\" data-id=\"87235da\" data-element_type=\"widget\" data-e-type=\"widget\" data-widget_type=\"text-editor.default\">\n\t\t\t\t<div class=\"elementor-widget-container\">\n\t\t\t\t\t\t\t\t\t<p>Presentaci\u00f3n de las principales gamas de productos. Esta secci\u00f3n se encuentra en reestructuraci\u00f3n, en el marco del desarrollo del nuevo sitio web LEUK para 2026. Para referencias espec\u00edficas o fichas t\u00e9cnicas no disponibles en esta p\u00e1gina, por favor contacte con el equipo comercial.<\/p>\t\t\t\t\t\t\t\t<\/div>\n\t\t\t\t<\/div>\n\t\t\t\t<div class=\"elementor-element elementor-element-8944dbc elementor-align-center elementor-widget elementor-widget-button\" data-id=\"8944dbc\" data-element_type=\"widget\" data-e-type=\"widget\" data-widget_type=\"button.default\">\n\t\t\t\t<div class=\"elementor-widget-container\">\n\t\t\t\t\t\t\t\t\t<div class=\"elementor-button-wrapper\">\n\t\t\t\t\t<a class=\"elementor-button elementor-button-link elementor-size-sm\" href=\"https:\/\/leuk.pt\/es\/contactos\/\">\n\t\t\t\t\t\t<span class=\"elementor-button-content-wrapper\">\n\t\t\t\t\t\t<span class=\"elementor-button-icon\">\n\t\t\t\t<i aria-hidden=\"true\" class=\"fas fa-download\"><\/i>\t\t\t<\/span>\n\t\t\t\t\t\t\t\t\t<span class=\"elementor-button-text\">Solicitar documentaci\u00f3n t\u00e9cnica<\/span>\n\t\t\t\t\t<\/span>\n\t\t\t\t\t<\/a>\n\t\t\t\t<\/div>\n\t\t\t\t\t\t\t\t<\/div>\n\t\t\t\t<\/div>\n\t\t\t\t\t<\/div>\n\t\t\t\t<\/div>\n\t\t<div class=\"elementor-element elementor-element-8e3a558 e-con-full e-flex e-con e-parent\" data-id=\"8e3a558\" data-element_type=\"container\" data-e-type=\"container\">\n\t\t\t\t<div class=\"elementor-element elementor-element-52c8f27 elementor-widget elementor-widget-spacer\" data-id=\"52c8f27\" data-element_type=\"widget\" data-e-type=\"widget\" data-widget_type=\"spacer.default\">\n\t\t\t\t<div class=\"elementor-widget-container\">\n\t\t\t\t\t\t\t<div class=\"elementor-spacer\">\n\t\t\t<div class=\"elementor-spacer-inner\"><\/div>\n\t\t<\/div>\n\t\t\t\t\t\t<\/div>\n\t\t\t\t<\/div>\n\t\t\t\t<\/div>\n\t\t<div class=\"elementor-element elementor-element-b231014 e-flex e-con-boxed e-con e-parent\" data-id=\"b231014\" data-element_type=\"container\" data-e-type=\"container\">\n\t\t\t\t\t<div class=\"e-con-inner\">\n\t\t<div class=\"elementor-element elementor-element-ecc08df e-con-full e-flex e-con e-child\" data-id=\"ecc08df\" data-element_type=\"container\" data-e-type=\"container\">\n\t\t\t\t<div class=\"elementor-element elementor-element-d856ae2 elementor-widget elementor-widget-heading\" data-id=\"d856ae2\" data-element_type=\"widget\" data-e-type=\"widget\" data-widget_type=\"heading.default\">\n\t\t\t\t<div class=\"elementor-widget-container\">\n\t\t\t\t\t<h2 class=\"elementor-heading-title elementor-size-default\">Eficiencia &amp; Dise\u00f1o<\/h2>\t\t\t\t<\/div>\n\t\t\t\t<\/div>\n\t\t\t\t<\/div>\n\t\t<div class=\"elementor-element elementor-element-de5816d e-con-full e-flex e-con e-child\" data-id=\"de5816d\" data-element_type=\"container\" data-e-type=\"container\">\n\t\t\t\t<div class=\"elementor-element elementor-element-36c4907 elementor-widget elementor-widget-heading\" data-id=\"36c4907\" data-element_type=\"widget\" data-e-type=\"widget\" data-widget_type=\"heading.default\">\n\t\t\t\t<div class=\"elementor-widget-container\">\n\t\t\t\t\t<h2 class=\"elementor-heading-title elementor-size-default\">Soluciones de Iluminaci\u00f3n<\/h2>\t\t\t\t<\/div>\n\t\t\t\t<\/div>\n\t\t\t\t<\/div>\n\t\t<div class=\"elementor-element elementor-element-7f5bec8 e-con-full e-flex e-con e-child\" data-id=\"7f5bec8\" data-element_type=\"container\" data-e-type=\"container\">\n\t\t\t\t<div class=\"elementor-element elementor-element-061a4ac elementor-widget elementor-widget-text-editor\" data-id=\"061a4ac\" data-element_type=\"widget\" data-e-type=\"widget\" data-widget_type=\"text-editor.default\">\n\t\t\t\t<div class=\"elementor-widget-container\">\n\t\t\t\t\t\t\t\t\tNuestra oferta abarca desde la precisi\u00f3n t\u00e9cnica para la industria hasta la elegancia decorativa para la hosteler\u00eda. Desarrollamos sistemas vers\u00e1tiles que combinan eficiencia energ\u00e9tica, confort visual y una integraci\u00f3n arquitect\u00f3nica perfecta. Explore las gamas dedicadas a cada dimensi\u00f3n de su proyecto.\t\t\t\t\t\t\t\t<\/div>\n\t\t\t\t<\/div>\n\t\t\t\t<\/div>\n\t\t\t\t\t<\/div>\n\t\t\t\t<\/div>\n\t\t<div class=\"elementor-element elementor-element-c57b81a e-con-full e-flex e-con e-parent\" data-id=\"c57b81a\" data-element_type=\"container\" data-e-type=\"container\">\n\t\t\t\t<div class=\"elementor-element elementor-element-d30ac91 elementor-widget elementor-widget-spacer\" data-id=\"d30ac91\" data-element_type=\"widget\" data-e-type=\"widget\" data-widget_type=\"spacer.default\">\n\t\t\t\t<div class=\"elementor-widget-container\">\n\t\t\t\t\t\t\t<div class=\"elementor-spacer\">\n\t\t\t<div class=\"elementor-spacer-inner\"><\/div>\n\t\t<\/div>\n\t\t\t\t\t\t<\/div>\n\t\t\t\t<\/div>\n\t\t\t\t<\/div>\n\t\t<div class=\"elementor-element elementor-element-a86ac11 leuk-pro-wrapper e-flex e-con-boxed e-con e-parent\" data-id=\"a86ac11\" data-element_type=\"container\" data-e-type=\"container\">\n\t\t\t\t\t<div class=\"e-con-inner\">\n\t\t<div class=\"elementor-element elementor-element-6b53604f e-con-full leuk-pro-card e-flex e-con e-child\" data-id=\"6b53604f\" data-element_type=\"container\" data-e-type=\"container\" data-settings=\"{&quot;background_background&quot;:&quot;classic&quot;}\">\n\t\t\t\t<div class=\"elementor-element elementor-element-158108fe elementor-widget elementor-widget-html\" data-id=\"158108fe\" data-element_type=\"widget\" data-e-type=\"widget\" data-widget_type=\"html.default\">\n\t\t\t\t<div class=\"elementor-widget-container\">\n\t\t\t\t\t<div class=\"leuk-pro-overlay\"><\/div>\n<a href=\"#\" class=\"leuk-pro-link\"><\/a>\t\t\t\t<\/div>\n\t\t\t\t<\/div>\n\t\t<div class=\"elementor-element elementor-element-157cbaca e-con-full leuk-card-content e-flex e-con e-child\" data-id=\"157cbaca\" data-element_type=\"container\" data-e-type=\"container\">\n\t\t\t\t<div class=\"elementor-element elementor-element-3bd9ab9e leuk-card-content elementor-widget elementor-widget-heading\" data-id=\"3bd9ab9e\" data-element_type=\"widget\" data-e-type=\"widget\" data-widget_type=\"heading.default\">\n\t\t\t\t<div class=\"elementor-widget-container\">\n\t\t\t\t\t<h3 class=\"elementor-heading-title elementor-size-default\">Iluminaci\u00f3n Lineal<\/h3>\t\t\t\t<\/div>\n\t\t\t\t<\/div>\n\t\t\t\t<div class=\"elementor-element elementor-element-503f747a leuk-pro-desc elementor-widget elementor-widget-text-editor\" data-id=\"503f747a\" data-element_type=\"widget\" data-e-type=\"widget\" data-widget_type=\"text-editor.default\">\n\t\t\t\t<div class=\"elementor-widget-container\">\n\t\t\t\t\t\t\t\t\tVersatilidad y est\u00e9tica definen esta gama, que aporta soluciones de iluminaci\u00f3n lineal continua para tiendas, oficinas y residencias.\nLos perfiles permiten la personalizaci\u00f3n en longitud e instalaci\u00f3n, integr\u00e1ndose en el dise\u00f1o de cualquier espacio y ofreciendo una iluminaci\u00f3n homog\u00e9nea, un mantenimiento sencillo y ahorro de energ\u00eda.\t\t\t\t\t\t\t\t<\/div>\n\t\t\t\t<\/div>\n\t\t\t\t<\/div>\n\t\t\t\t<\/div>\n\t\t<div class=\"elementor-element elementor-element-2865493e e-con-full leuk-pro-card e-flex e-con e-child\" data-id=\"2865493e\" data-element_type=\"container\" data-e-type=\"container\" data-settings=\"{&quot;background_background&quot;:&quot;classic&quot;}\">\n\t\t\t\t<div class=\"elementor-element elementor-element-22a9e458 elementor-widget elementor-widget-html\" data-id=\"22a9e458\" data-element_type=\"widget\" data-e-type=\"widget\" data-widget_type=\"html.default\">\n\t\t\t\t<div class=\"elementor-widget-container\">\n\t\t\t\t\t<div class=\"leuk-pro-overlay\"><\/div>\n<a href=\"#\" class=\"leuk-pro-link\"><\/a>\t\t\t\t<\/div>\n\t\t\t\t<\/div>\n\t\t<div class=\"elementor-element elementor-element-2016e76c e-con-full leuk-card-content e-flex e-con e-child\" data-id=\"2016e76c\" data-element_type=\"container\" data-e-type=\"container\">\n\t\t\t\t<div class=\"elementor-element elementor-element-67ffba36 leuk-card-content elementor-widget elementor-widget-heading\" data-id=\"67ffba36\" data-element_type=\"widget\" data-e-type=\"widget\" data-widget_type=\"heading.default\">\n\t\t\t\t<div class=\"elementor-widget-container\">\n\t\t\t\t\t<h3 class=\"elementor-heading-title elementor-size-default\">Iluminaci\u00f3n Decorativa<\/h3>\t\t\t\t<\/div>\n\t\t\t\t<\/div>\n\t\t\t\t<div class=\"elementor-element elementor-element-5245d54a leuk-pro-desc elementor-widget elementor-widget-text-editor\" data-id=\"5245d54a\" data-element_type=\"widget\" data-e-type=\"widget\" data-widget_type=\"text-editor.default\">\n\t\t\t\t<div class=\"elementor-widget-container\">\n\t\t\t\t\t\t\t\t\t<p>Aqu\u00ed, las luminarias evolucionan m\u00e1s all\u00e1 de la funci\u00f3n, transform\u00e1ndose en piezas de dise\u00f1o y distinci\u00f3n.<br \/>Perfectas para residencias, restaurantes y eventos, estas soluciones crean atm\u00f3sferas \u00fanicas y acogedoras, totalmente personalizables en acabado, forma y estilo \u2013 contribuyendo a la identidad del espacio.<\/p>\t\t\t\t\t\t\t\t<\/div>\n\t\t\t\t<\/div>\n\t\t\t\t<\/div>\n\t\t\t\t<\/div>\n\t\t<div class=\"elementor-element elementor-element-f881d96 e-con-full leuk-pro-card e-flex e-con e-child\" data-id=\"f881d96\" data-element_type=\"container\" data-e-type=\"container\" data-settings=\"{&quot;background_background&quot;:&quot;classic&quot;}\">\n\t\t\t\t<div class=\"elementor-element elementor-element-754e5b8b elementor-widget elementor-widget-html\" data-id=\"754e5b8b\" data-element_type=\"widget\" data-e-type=\"widget\" data-widget_type=\"html.default\">\n\t\t\t\t<div class=\"elementor-widget-container\">\n\t\t\t\t\t<div class=\"leuk-pro-overlay\"><\/div>\n<a href=\"#\" class=\"leuk-pro-link\"><\/a>\t\t\t\t<\/div>\n\t\t\t\t<\/div>\n\t\t<div class=\"elementor-element elementor-element-7e525a05 e-con-full leuk-card-content e-flex e-con e-child\" data-id=\"7e525a05\" data-element_type=\"container\" data-e-type=\"container\">\n\t\t\t\t<div class=\"elementor-element elementor-element-d953e01 leuk-card-content elementor-widget elementor-widget-heading\" data-id=\"d953e01\" data-element_type=\"widget\" data-e-type=\"widget\" data-widget_type=\"heading.default\">\n\t\t\t\t<div class=\"elementor-widget-container\">\n\t\t\t\t\t<h3 class=\"elementor-heading-title elementor-size-default\">Iluminaci\u00f3n Downlight<\/h3>\t\t\t\t<\/div>\n\t\t\t\t<\/div>\n\t\t\t\t<div class=\"elementor-element elementor-element-17b8524 leuk-pro-desc elementor-widget elementor-widget-text-editor\" data-id=\"17b8524\" data-element_type=\"widget\" data-e-type=\"widget\" data-widget_type=\"text-editor.default\">\n\t\t\t\t<div class=\"elementor-widget-container\">\n\t\t\t\t\t\t\t\t\t<p>La l\u00ednea Downlight presenta soluciones discretas y elegantes para interiores.<br \/>Es perfecta para oficinas, residencias y galer\u00edas que exigen una iluminaci\u00f3n funcional, eficiente y con una est\u00e9tica limpia.<br \/>Los modelos ofrecen \u00e1ngulos variados, versiones para ambientes h\u00famedos (IP65\/IP68) e instalaci\u00f3n facilitada.<\/p>\t\t\t\t\t\t\t\t<\/div>\n\t\t\t\t<\/div>\n\t\t\t\t<\/div>\n\t\t\t\t<\/div>\n\t\t<div class=\"elementor-element elementor-element-6b0a9eb8 e-con-full leuk-pro-card e-flex e-con e-child\" data-id=\"6b0a9eb8\" data-element_type=\"container\" data-e-type=\"container\" data-settings=\"{&quot;background_background&quot;:&quot;classic&quot;}\">\n\t\t\t\t<div class=\"elementor-element elementor-element-50b0b58a elementor-widget elementor-widget-html\" data-id=\"50b0b58a\" data-element_type=\"widget\" data-e-type=\"widget\" data-widget_type=\"html.default\">\n\t\t\t\t<div class=\"elementor-widget-container\">\n\t\t\t\t\t<div class=\"leuk-pro-overlay\"><\/div>\n<a href=\"#\" class=\"leuk-pro-link\"><\/a>\t\t\t\t<\/div>\n\t\t\t\t<\/div>\n\t\t<div class=\"elementor-element elementor-element-305b85f1 e-con-full leuk-card-content e-flex e-con e-child\" data-id=\"305b85f1\" data-element_type=\"container\" data-e-type=\"container\">\n\t\t\t\t<div class=\"elementor-element elementor-element-1603f169 leuk-card-content elementor-widget elementor-widget-heading\" data-id=\"1603f169\" data-element_type=\"widget\" data-e-type=\"widget\" data-widget_type=\"heading.default\">\n\t\t\t\t<div class=\"elementor-widget-container\">\n\t\t\t\t\t<h3 class=\"elementor-heading-title elementor-size-default\">Iluminaci\u00f3n T\u00e9cnica<\/h3>\t\t\t\t<\/div>\n\t\t\t\t<\/div>\n\t\t\t\t<div class=\"elementor-element elementor-element-5c48ea97 leuk-pro-desc elementor-widget elementor-widget-text-editor\" data-id=\"5c48ea97\" data-element_type=\"widget\" data-e-type=\"widget\" data-widget_type=\"text-editor.default\">\n\t\t\t\t<div class=\"elementor-widget-container\">\n\t\t\t\t\t\t\t\t\tLa gama Technical Lighting est\u00e1 dedicada a entornos profesionales como oficinas, f\u00e1bricas e instituciones de salud, donde la eficiencia luminosa y la claridad visual son esenciales.\nOfrece tecnolog\u00eda LED avanzada, personalizaci\u00f3n total y confort visual optimizado, respondiendo a las necesidades t\u00e9cnicas y funcionales de los proyectos m\u00e1s exigentes.\t\t\t\t\t\t\t\t<\/div>\n\t\t\t\t<\/div>\n\t\t\t\t<\/div>\n\t\t\t\t<\/div>\n\t\t<div class=\"elementor-element elementor-element-720ff5c4 e-con-full leuk-pro-card e-flex e-con e-child\" data-id=\"720ff5c4\" data-element_type=\"container\" data-e-type=\"container\" data-settings=\"{&quot;background_background&quot;:&quot;classic&quot;}\">\n\t\t\t\t<div class=\"elementor-element elementor-element-5b0f36a6 elementor-widget elementor-widget-html\" data-id=\"5b0f36a6\" data-element_type=\"widget\" data-e-type=\"widget\" data-widget_type=\"html.default\">\n\t\t\t\t<div class=\"elementor-widget-container\">\n\t\t\t\t\t<div class=\"leuk-pro-overlay\"><\/div>\n<a href=\"#\" class=\"leuk-pro-link\"><\/a>\t\t\t\t<\/div>\n\t\t\t\t<\/div>\n\t\t<div class=\"elementor-element elementor-element-55ca14d0 e-con-full leuk-card-content e-flex e-con e-child\" data-id=\"55ca14d0\" data-element_type=\"container\" data-e-type=\"container\">\n\t\t\t\t<div class=\"elementor-element elementor-element-5387ded3 leuk-card-content elementor-widget elementor-widget-heading\" data-id=\"5387ded3\" data-element_type=\"widget\" data-e-type=\"widget\" data-widget_type=\"heading.default\">\n\t\t\t\t<div class=\"elementor-widget-container\">\n\t\t\t\t\t<h3 class=\"elementor-heading-title elementor-size-default\">Iluminaci\u00f3n Exterior<\/h3>\t\t\t\t<\/div>\n\t\t\t\t<\/div>\n\t\t\t\t<div class=\"elementor-element elementor-element-236e9f49 leuk-pro-desc elementor-widget elementor-widget-text-editor\" data-id=\"236e9f49\" data-element_type=\"widget\" data-e-type=\"widget\" data-widget_type=\"text-editor.default\">\n\t\t\t\t<div class=\"elementor-widget-container\">\n\t\t\t\t\t\t\t\t\tResistencia y rendimiento en entornos adversos. Desarrollamos soluciones con altos \u00edndices de protecci\u00f3n (IP65\/IP68) y \u00f3pticas de precisi\u00f3n, garantizando seguridad y valorizaci\u00f3n arquitect\u00f3nica en fachadas, jardines y espacios p\u00fablicos, sin comprometer la eficiencia energ\u00e9tica.\t\t\t\t\t\t\t\t<\/div>\n\t\t\t\t<\/div>\n\t\t\t\t<\/div>\n\t\t\t\t<\/div>\n\t\t\t\t\t<\/div>\n\t\t\t\t<\/div>\n\t\t<div class=\"elementor-element elementor-element-a0891c9 e-con-full e-flex e-con e-parent\" data-id=\"a0891c9\" data-element_type=\"container\" data-e-type=\"container\">\n\t\t\t\t<div class=\"elementor-element elementor-element-5596be3 elementor-widget elementor-widget-spacer\" data-id=\"5596be3\" data-element_type=\"widget\" data-e-type=\"widget\" data-widget_type=\"spacer.default\">\n\t\t\t\t<div class=\"elementor-widget-container\">\n\t\t\t\t\t\t\t<div class=\"elementor-spacer\">\n\t\t\t<div class=\"elementor-spacer-inner\"><\/div>\n\t\t<\/div>\n\t\t\t\t\t\t<\/div>\n\t\t\t\t<\/div>\n\t\t\t\t<\/div>\n\t\t<div class=\"elementor-element elementor-element-26b04b4e e-flex e-con-boxed e-con e-parent\" data-id=\"26b04b4e\" data-element_type=\"container\" data-e-type=\"container\" data-settings=\"{&quot;background_background&quot;:&quot;classic&quot;}\">\n\t\t\t\t\t<div class=\"e-con-inner\">\n\t\t\t\t<div class=\"elementor-element elementor-element-1f11b98c elementor-widget elementor-widget-heading\" data-id=\"1f11b98c\" data-element_type=\"widget\" data-e-type=\"widget\" data-widget_type=\"heading.default\">\n\t\t\t\t<div class=\"elementor-widget-container\">\n\t\t\t\t\t<h3 class=\"elementor-heading-title elementor-size-default\">\u00bfNecesita fichas t\u00e9cnicas, archivos LDT o modelos 3D?<\/h3>\t\t\t\t<\/div>\n\t\t\t\t<\/div>\n\t\t\t\t<div class=\"elementor-element elementor-element-fadf789 elementor-widget elementor-widget-spacer\" data-id=\"fadf789\" data-element_type=\"widget\" data-e-type=\"widget\" data-widget_type=\"spacer.default\">\n\t\t\t\t<div class=\"elementor-widget-container\">\n\t\t\t\t\t\t\t<div class=\"elementor-spacer\">\n\t\t\t<div class=\"elementor-spacer-inner\"><\/div>\n\t\t<\/div>\n\t\t\t\t\t\t<\/div>\n\t\t\t\t<\/div>\n\t\t\t\t<div class=\"elementor-element elementor-element-33854a3e elementor-align-center elementor-widget elementor-widget-button\" data-id=\"33854a3e\" data-element_type=\"widget\" data-e-type=\"widget\" data-widget_type=\"button.default\">\n\t\t\t\t<div class=\"elementor-widget-container\">\n\t\t\t\t\t\t\t\t\t<div class=\"elementor-button-wrapper\">\n\t\t\t\t\t<a class=\"elementor-button elementor-button-link elementor-size-sm\" href=\"https:\/\/leuk.pt\/es\/contactos\/\">\n\t\t\t\t\t\t<span class=\"elementor-button-content-wrapper\">\n\t\t\t\t\t\t<span class=\"elementor-button-icon\">\n\t\t\t\t<i aria-hidden=\"true\" class=\"fas fa-download\"><\/i>\t\t\t<\/span>\n\t\t\t\t\t\t\t\t\t<span class=\"elementor-button-text\">Solicitar documentaci\u00f3n t\u00e9cnica<\/span>\n\t\t\t\t\t<\/span>\n\t\t\t\t\t<\/a>\n\t\t\t\t<\/div>\n\t\t\t\t\t\t\t\t<\/div>\n\t\t\t\t<\/div>\n\t\t\t\t\t<\/div>\n\t\t\t\t<\/div>\n\t\t\t\t<\/div>","protected":false},"excerpt":{"rendered":"<p>A nossa montra digital est\u00e1 a ser atualizada. Apresenta\u00e7\u00e3o das principais gamas de produtos. Esta sec\u00e7\u00e3o encontra-se em reestrutura\u00e7\u00e3o, no \u00e2mbito do desenvolvimento do novo website LEUK para 2026. Para refer\u00eancias espec\u00edficas ou fichas t\u00e9cnicas n\u00e3o dispon\u00edveis nesta p\u00e1gina, por favor contacte a equipa comercial. Solicitar documenta\u00e7\u00e3o t\u00e9cnica Efici\u00eancia &amp; Design. Solu\u00e7\u00f5es de Ilumina\u00e7\u00e3o A [&hellip;]<\/p>\n","protected":false},"author":5,"featured_media":0,"parent":0,"menu_order":3,"comment_status":"closed","ping_status":"closed","template":"","meta":{"_acf_changed":false,"footnotes":""},"class_list":["post-992165","page","type-page","status-publish","hentry"],"acf":[],"_links":{"self":[{"href":"https:\/\/leuk.pt\/es\/wp-json\/wp\/v2\/pages\/992165","targetHints":{"allow":["GET"]}}],"collection":[{"href":"https:\/\/leuk.pt\/es\/wp-json\/wp\/v2\/pages"}],"about":[{"href":"https:\/\/leuk.pt\/es\/wp-json\/wp\/v2\/types\/page"}],"author":[{"embeddable":true,"href":"https:\/\/leuk.pt\/es\/wp-json\/wp\/v2\/users\/5"}],"replies":[{"embeddable":true,"href":"https:\/\/leuk.pt\/es\/wp-json\/wp\/v2\/comments?post=992165"}],"version-history":[{"count":0,"href":"https:\/\/leuk.pt\/es\/wp-json\/wp\/v2\/pages\/992165\/revisions"}],"wp:attachment":[{"href":"https:\/\/leuk.pt\/es\/wp-json\/wp\/v2\/media?parent=992165"}],"curies":[{"name":"wp","href":"https:\/\/api.w.org\/{rel}","templated":true}]}}