{"id":993125,"date":"2026-01-29T08:57:37","date_gmt":"2026-01-29T08:57:37","guid":{"rendered":"https:\/\/leuk.pt\/?page_id=993125"},"modified":"2026-02-10T13:20:37","modified_gmt":"2026-02-10T13:20:37","slug":"quality","status":"publish","type":"page","link":"https:\/\/leuk.pt\/en\/politica-de-qualidade\/","title":{"rendered":"Quality Policy"},"content":{"rendered":"<div data-elementor-type=\"wp-page\" data-elementor-id=\"993125\" class=\"elementor elementor-993125\" data-elementor-post-type=\"page\">\n\t\t\t\t<div class=\"elementor-element elementor-element-1fd06bf e-con-full e-flex e-con e-parent\" data-id=\"1fd06bf\" data-element_type=\"container\" data-e-type=\"container\">\n\t\t<div class=\"elementor-element elementor-element-87b446c e-flex e-con-boxed e-con e-child\" data-id=\"87b446c\" data-element_type=\"container\" data-e-type=\"container\">\n\t\t\t\t\t<div class=\"e-con-inner\">\n\t\t\t\t<div class=\"elementor-element elementor-element-2a35aec elementor-widget elementor-widget-heading\" data-id=\"2a35aec\" data-element_type=\"widget\" data-e-type=\"widget\" data-widget_type=\"heading.default\">\n\t\t\t\t<div class=\"elementor-widget-container\">\n\t\t\t\t\t<h1 class=\"elementor-heading-title elementor-size-default\">Quality Policy<\/h1>\t\t\t\t<\/div>\n\t\t\t\t<\/div>\n\t\t\t\t<div class=\"elementor-element elementor-element-03b6dcd elementor-widget elementor-widget-text-editor\" data-id=\"03b6dcd\" data-element_type=\"widget\" data-e-type=\"widget\" data-widget_type=\"text-editor.default\">\n\t\t\t\t<div class=\"elementor-widget-container\">\n\t\t\t\t\t\t\t\t\t<p>LEUK targets its operations toward sustained growth and the enhancement of its product and service offerings, developing new skills and establishing strategic alliances with partners who share its vision and understanding of market needs and the specific requirements of each client.<\/p><p>With a clear focus on increasing quality standards and customer satisfaction, LEUK commits to complying with and promoting this Quality Policy, based on the following principles:<\/p><p><strong>1. Trust and commitment:<\/strong><br \/>To be, for employees, customers, suppliers, and business partners, a credible, competent, and competitive company, based on relationships of trust, transparency, and commitment.<\/p><p><strong>2. Organizational agility:<\/strong><br \/>To promote the development of organizational maturity, ensuring internal efficiency and speed in providing products and\/or services, with the responsiveness required for both national and international markets.<\/p><p><strong>3. Innovation and customer proximity:<\/strong><br \/>To consistently invest in innovation (products, services, and technologies) and in a customer proximity model, ensuring a swift response oriented toward value creation.<\/p><p><strong>4. Human capital development:<\/strong><br \/>To keep employees motivated by ensuring adequate and healthy working conditions, as well as providing the technical means and infrastructure necessary to meet the organization's objectives.<\/p><p><strong>5. Compliance and continuous improvement:<\/strong><br \/>To comply with the legal and regulatory requirements applicable to the sector and the adopted frameworks, including the NP EN ISO 9001 standard, promoting the continuous improvement of the Quality Management System's effectiveness.<\/p><p>LEUK's Quality Policy, supported by these principles, guides the development of high-energy-efficiency lighting products and solutions, as well as tailor-made solutions, balancing aesthetics, functionality, and sustainability.<\/p><p>Management ensures the communication, implementation, and periodic review of this policy, in order to maintain its adequacy and effectiveness.<\/p>\t\t\t\t\t\t\t\t<\/div>\n\t\t\t\t<\/div>\n\t\t\t\t<div class=\"elementor-element elementor-element-6dc6a46 elementor-widget elementor-widget-text-editor\" data-id=\"6dc6a46\" data-element_type=\"widget\" data-e-type=\"widget\" data-widget_type=\"text-editor.default\">\n\t\t\t\t<div class=\"elementor-widget-container\">\n\t\t\t\t\t\t\t\t\t<p>Revised in January 2026.<\/p>\t\t\t\t\t\t\t\t<\/div>\n\t\t\t\t<\/div>\n\t\t\t\t\t<\/div>\n\t\t\t\t<\/div>\n\t\t\t\t<\/div>\n\t\t\t\t<\/div>","protected":false},"excerpt":{"rendered":"<p>Pol\u00edtica de Qualidade A LEUK orienta a sua atua\u00e7\u00e3o para o crescimento sustentado e para o refor\u00e7o da sua oferta de produtos e servi\u00e7os, desenvolvendo novas compet\u00eancias e estabelecendo alian\u00e7as estrat\u00e9gicas com parceiros que partilham a sua vis\u00e3o e compreens\u00e3o das necessidades do mercado e das exig\u00eancias espec\u00edficas de cada cliente. Com um foco claro [&hellip;]<\/p>\n","protected":false},"author":5,"featured_media":0,"parent":0,"menu_order":111,"comment_status":"closed","ping_status":"closed","template":"","meta":{"_acf_changed":false,"footnotes":""},"class_list":["post-993125","page","type-page","status-publish","hentry"],"acf":[],"_links":{"self":[{"href":"https:\/\/leuk.pt\/en\/wp-json\/wp\/v2\/pages\/993125","targetHints":{"allow":["GET"]}}],"collection":[{"href":"https:\/\/leuk.pt\/en\/wp-json\/wp\/v2\/pages"}],"about":[{"href":"https:\/\/leuk.pt\/en\/wp-json\/wp\/v2\/types\/page"}],"author":[{"embeddable":true,"href":"https:\/\/leuk.pt\/en\/wp-json\/wp\/v2\/users\/5"}],"replies":[{"embeddable":true,"href":"https:\/\/leuk.pt\/en\/wp-json\/wp\/v2\/comments?post=993125"}],"version-history":[{"count":0,"href":"https:\/\/leuk.pt\/en\/wp-json\/wp\/v2\/pages\/993125\/revisions"}],"wp:attachment":[{"href":"https:\/\/leuk.pt\/en\/wp-json\/wp\/v2\/media?parent=993125"}],"curies":[{"name":"wp","href":"https:\/\/api.w.org\/{rel}","templated":true}]}}