{"id":991840,"date":"2026-01-22T10:56:51","date_gmt":"2026-01-22T10:56:51","guid":{"rendered":"https:\/\/leuk.pt\/?page_id=991840"},"modified":"2026-02-02T08:22:48","modified_gmt":"2026-02-02T08:22:48","slug":"in-kuerze","status":"publish","type":"page","link":"https:\/\/leuk.pt\/de\/in-kuerze\/","title":{"rendered":"Brevemente"},"content":{"rendered":"<div data-elementor-type=\"wp-page\" data-elementor-id=\"991840\" class=\"elementor elementor-991840\" data-elementor-post-type=\"page\">\n\t\t\t\t<div class=\"elementor-element elementor-element-7ffaf02a e-con-full e-flex e-con e-parent\" data-id=\"7ffaf02a\" data-element_type=\"container\" data-e-type=\"container\" data-settings=\"{&quot;background_background&quot;:&quot;classic&quot;}\">\n\t\t\t\t<div class=\"elementor-element elementor-element-5fd18a67 elementor-widget elementor-widget-heading\" data-id=\"5fd18a67\" data-element_type=\"widget\" data-e-type=\"widget\" data-widget_type=\"heading.default\">\n\t\t\t\t<div class=\"elementor-widget-container\">\n\t\t\t\t\t<h2 class=\"elementor-heading-title elementor-size-default\">Exzellenz braucht Zeit.<br>Diese Seite wird in K\u00fcrze mit neuen LEUK 2026 L\u00f6sungen verf\u00fcgbar sein.<\/h2>\t\t\t\t<\/div>\n\t\t\t\t<\/div>\n\t\t\t\t<div class=\"elementor-element elementor-element-469b39f3 elementor-widget elementor-widget-heading\" data-id=\"469b39f3\" data-element_type=\"widget\" data-e-type=\"widget\" data-widget_type=\"heading.default\">\n\t\t\t\t<div class=\"elementor-widget-container\">\n\t\t\t\t\t<h2 class=\"elementor-heading-title elementor-size-default\">Demn\u00e4chst<\/h2>\t\t\t\t<\/div>\n\t\t\t\t<\/div>\n\t\t\t\t<div class=\"elementor-element elementor-element-4beb580a elementor-align-center elementor-widget elementor-widget-button\" data-id=\"4beb580a\" data-element_type=\"widget\" data-e-type=\"widget\" data-widget_type=\"button.default\">\n\t\t\t\t<div class=\"elementor-widget-container\">\n\t\t\t\t\t\t\t\t\t<div class=\"elementor-button-wrapper\">\n\t\t\t\t\t<a class=\"elementor-button elementor-size-sm\" role=\"button\">\n\t\t\t\t\t\t<span class=\"elementor-button-content-wrapper\">\n\t\t\t\t\t\t\t\t\t<span class=\"elementor-button-text\">Kontakt<\/span>\n\t\t\t\t\t<\/span>\n\t\t\t\t\t<\/a>\n\t\t\t\t<\/div>\n\t\t\t\t\t\t\t\t<\/div>\n\t\t\t\t<\/div>\n\t\t\t\t<\/div>\n\t\t\t\t<\/div>","protected":false},"excerpt":{"rendered":"<p>A excel\u00eancia requer tempo.Esta p\u00e1gina estar\u00e1 dispon\u00edvel brevemente com novas solu\u00e7\u00f5es LEUK 2026. Em Breve Contacto<\/p>","protected":false},"author":5,"featured_media":0,"parent":0,"menu_order":900,"comment_status":"closed","ping_status":"closed","template":"","meta":{"_acf_changed":false,"footnotes":""},"class_list":["post-991840","page","type-page","status-publish","hentry"],"acf":[],"_links":{"self":[{"href":"https:\/\/leuk.pt\/de\/wp-json\/wp\/v2\/pages\/991840","targetHints":{"allow":["GET"]}}],"collection":[{"href":"https:\/\/leuk.pt\/de\/wp-json\/wp\/v2\/pages"}],"about":[{"href":"https:\/\/leuk.pt\/de\/wp-json\/wp\/v2\/types\/page"}],"author":[{"embeddable":true,"href":"https:\/\/leuk.pt\/de\/wp-json\/wp\/v2\/users\/5"}],"replies":[{"embeddable":true,"href":"https:\/\/leuk.pt\/de\/wp-json\/wp\/v2\/comments?post=991840"}],"version-history":[{"count":0,"href":"https:\/\/leuk.pt\/de\/wp-json\/wp\/v2\/pages\/991840\/revisions"}],"wp:attachment":[{"href":"https:\/\/leuk.pt\/de\/wp-json\/wp\/v2\/media?parent=991840"}],"curies":[{"name":"wp","href":"https:\/\/api.w.org\/{rel}","templated":true}]}}